{"id":1139,"date":"2024-05-10T17:37:18","date_gmt":"2024-05-10T15:37:18","guid":{"rendered":"https:\/\/www.hotelborjdhiafa.com\/?post_type=product&#038;p=1139"},"modified":"2024-07-04T12:06:22","modified_gmt":"2024-07-04T10:06:22","slug":"suite-junior","status":"publish","type":"product","link":"https:\/\/www.hotelborjdhiafa.com\/fr\/product\/suite-junior\/","title":{"rendered":"Suite Junior"},"content":{"rendered":"","protected":false},"excerpt":{"rendered":"<p>La Suite Junior de l&#8217;H\u00f4tel Borj Dhiafa propose une exp\u00e9rience chaleureuse et \u00e9l\u00e9gante. Avec un lit King Size pour des nuits paisibles, et un salon spacieux pour se d\u00e9tendre apr\u00e8s une journ\u00e9e bien remplie devant une t\u00e9l\u00e9vision \u00e0 \u00e9cran plat de 42 pouces.<\/p>\n","protected":false},"featured_media":2893,"comment_status":"closed","ping_status":"closed","template":"","meta":[],"product_cat":[38],"product_tag":[],"class_list":{"0":"post-1139","1":"product","2":"type-product","3":"status-publish","4":"has-post-thumbnail","6":"product_cat-logement","7":"yith_booking_service-petit-dejeuner","9":"first","10":"instock","11":"virtual","12":"sold-individually","13":"purchasable","14":"product-type-booking"},"yoast_head":"<!-- This site is optimized with the Yoast SEO plugin v23.1 - https:\/\/yoast.com\/wordpress\/plugins\/seo\/ -->\n<title>Suite Junior | H\u00f4tel Borj Dhiafa<\/title>\n<meta name=\"description\" content=\"La Suite Junior de l&#039;H\u00f4tel Borj Dhiafa propose une exp\u00e9rience chaleureuse et \u00e9l\u00e9gante. Avec un lit King Size pour des nuits paisibles, et un salon spacieux pour se d\u00e9tendre apr\u00e8s une journ\u00e9e bien remplie devant une t\u00e9l\u00e9vision \u00e0 \u00e9cran plat de 42 pouces.\" \/>\n<meta name=\"robots\" content=\"index, follow, max-snippet:-1, max-image-preview:large, max-video-preview:-1\" \/>\n<link rel=\"canonical\" href=\"https:\/\/www.hotelborjdhiafa.com\/fr\/product\/suite-junior\/\" \/>\n<meta property=\"og:locale\" content=\"fr_FR\" \/>\n<meta property=\"og:type\" content=\"article\" \/>\n<meta property=\"og:title\" content=\"Suite Junior | H\u00f4tel Borj Dhiafa\" \/>\n<meta property=\"og:description\" content=\"La Suite Junior de l&#039;H\u00f4tel Borj Dhiafa propose une exp\u00e9rience chaleureuse et \u00e9l\u00e9gante. Avec un lit King Size pour des nuits paisibles, et un salon spacieux pour se d\u00e9tendre apr\u00e8s une journ\u00e9e bien remplie devant une t\u00e9l\u00e9vision \u00e0 \u00e9cran plat de 42 pouces.\" \/>\n<meta property=\"og:url\" content=\"https:\/\/www.hotelborjdhiafa.com\/fr\/product\/suite-junior\/\" \/>\n<meta property=\"og:site_name\" content=\"H\u00f4tel Borj Dhiafa\" \/>\n<meta property=\"article:modified_time\" content=\"2024-07-04T10:06:22+00:00\" \/>\n<meta property=\"og:image\" content=\"https:\/\/www.hotelborjdhiafa.com\/wp-content\/uploads\/2024\/05\/photo2-min.webp\" \/>\n\t<meta property=\"og:image:width\" content=\"1320\" \/>\n\t<meta property=\"og:image:height\" content=\"1320\" \/>\n\t<meta property=\"og:image:type\" content=\"image\/webp\" \/>\n<meta name=\"twitter:card\" content=\"summary_large_image\" \/>\n<script type=\"application\/ld+json\" class=\"yoast-schema-graph\">{\"@context\":\"https:\/\/schema.org\",\"@graph\":[{\"@type\":\"WebPage\",\"@id\":\"https:\/\/www.hotelborjdhiafa.com\/fr\/product\/suite-junior\/\",\"url\":\"https:\/\/www.hotelborjdhiafa.com\/fr\/product\/suite-junior\/\",\"name\":\"Suite Junior | H\u00f4tel Borj Dhiafa\",\"isPartOf\":{\"@id\":\"https:\/\/www.hotelborjdhiafa.com\/#website\"},\"primaryImageOfPage\":{\"@id\":\"https:\/\/www.hotelborjdhiafa.com\/fr\/product\/suite-junior\/#primaryimage\"},\"image\":{\"@id\":\"https:\/\/www.hotelborjdhiafa.com\/fr\/product\/suite-junior\/#primaryimage\"},\"thumbnailUrl\":\"https:\/\/www.hotelborjdhiafa.com\/wp-content\/uploads\/2024\/05\/photo2-min.webp\",\"datePublished\":\"2024-05-10T15:37:18+00:00\",\"dateModified\":\"2024-07-04T10:06:22+00:00\",\"description\":\"La Suite Junior de l'H\u00f4tel Borj Dhiafa propose une exp\u00e9rience chaleureuse et \u00e9l\u00e9gante. Avec un lit King Size pour des nuits paisibles, et un salon spacieux pour se d\u00e9tendre apr\u00e8s une journ\u00e9e bien remplie devant une t\u00e9l\u00e9vision \u00e0 \u00e9cran plat de 42 pouces.\",\"breadcrumb\":{\"@id\":\"https:\/\/www.hotelborjdhiafa.com\/fr\/product\/suite-junior\/#breadcrumb\"},\"inLanguage\":\"fr-FR\",\"potentialAction\":[{\"@type\":\"ReadAction\",\"target\":[\"https:\/\/www.hotelborjdhiafa.com\/fr\/product\/suite-junior\/\"]}]},{\"@type\":\"ImageObject\",\"inLanguage\":\"fr-FR\",\"@id\":\"https:\/\/www.hotelborjdhiafa.com\/fr\/product\/suite-junior\/#primaryimage\",\"url\":\"https:\/\/www.hotelborjdhiafa.com\/wp-content\/uploads\/2024\/05\/photo2-min.webp\",\"contentUrl\":\"https:\/\/www.hotelborjdhiafa.com\/wp-content\/uploads\/2024\/05\/photo2-min.webp\",\"width\":1320,\"height\":1320,\"caption\":\"hotel borj dhiafa sfax\"},{\"@type\":\"BreadcrumbList\",\"@id\":\"https:\/\/www.hotelborjdhiafa.com\/fr\/product\/suite-junior\/#breadcrumb\",\"itemListElement\":[{\"@type\":\"ListItem\",\"position\":1,\"name\":\"Home\",\"item\":\"https:\/\/www.hotelborjdhiafa.com\/fr\/\"},{\"@type\":\"ListItem\",\"position\":2,\"name\":\"Reserve\",\"item\":\"https:\/\/www.hotelborjdhiafa.com\/shop\/\"},{\"@type\":\"ListItem\",\"position\":3,\"name\":\"Suite Junior\"}]},{\"@type\":\"WebSite\",\"@id\":\"https:\/\/www.hotelborjdhiafa.com\/#website\",\"url\":\"https:\/\/www.hotelborjdhiafa.com\/\",\"name\":\"H\u00f4tel Borj Dhiafa\",\"description\":\"H\u00f4tel de charme\",\"potentialAction\":[{\"@type\":\"SearchAction\",\"target\":{\"@type\":\"EntryPoint\",\"urlTemplate\":\"https:\/\/www.hotelborjdhiafa.com\/?s={search_term_string}\"},\"query-input\":\"required name=search_term_string\"}],\"inLanguage\":\"fr-FR\"}]}<\/script>\n<!-- \/ Yoast SEO plugin. -->","yoast_head_json":{"title":"Suite Junior | H\u00f4tel Borj Dhiafa","description":"La Suite Junior de l'H\u00f4tel Borj Dhiafa propose une exp\u00e9rience chaleureuse et \u00e9l\u00e9gante. Avec un lit King Size pour des nuits paisibles, et un salon spacieux pour se d\u00e9tendre apr\u00e8s une journ\u00e9e bien remplie devant une t\u00e9l\u00e9vision \u00e0 \u00e9cran plat de 42 pouces.","robots":{"index":"index","follow":"follow","max-snippet":"max-snippet:-1","max-image-preview":"max-image-preview:large","max-video-preview":"max-video-preview:-1"},"canonical":"https:\/\/www.hotelborjdhiafa.com\/fr\/product\/suite-junior\/","og_locale":"fr_FR","og_type":"article","og_title":"Suite Junior | H\u00f4tel Borj Dhiafa","og_description":"La Suite Junior de l'H\u00f4tel Borj Dhiafa propose une exp\u00e9rience chaleureuse et \u00e9l\u00e9gante. Avec un lit King Size pour des nuits paisibles, et un salon spacieux pour se d\u00e9tendre apr\u00e8s une journ\u00e9e bien remplie devant une t\u00e9l\u00e9vision \u00e0 \u00e9cran plat de 42 pouces.","og_url":"https:\/\/www.hotelborjdhiafa.com\/fr\/product\/suite-junior\/","og_site_name":"H\u00f4tel Borj Dhiafa","article_modified_time":"2024-07-04T10:06:22+00:00","og_image":[{"width":1320,"height":1320,"url":"https:\/\/www.hotelborjdhiafa.com\/wp-content\/uploads\/2024\/05\/photo2-min.webp","type":"image\/webp"}],"twitter_card":"summary_large_image","schema":{"@context":"https:\/\/schema.org","@graph":[{"@type":"WebPage","@id":"https:\/\/www.hotelborjdhiafa.com\/fr\/product\/suite-junior\/","url":"https:\/\/www.hotelborjdhiafa.com\/fr\/product\/suite-junior\/","name":"Suite Junior | H\u00f4tel Borj Dhiafa","isPartOf":{"@id":"https:\/\/www.hotelborjdhiafa.com\/#website"},"primaryImageOfPage":{"@id":"https:\/\/www.hotelborjdhiafa.com\/fr\/product\/suite-junior\/#primaryimage"},"image":{"@id":"https:\/\/www.hotelborjdhiafa.com\/fr\/product\/suite-junior\/#primaryimage"},"thumbnailUrl":"https:\/\/www.hotelborjdhiafa.com\/wp-content\/uploads\/2024\/05\/photo2-min.webp","datePublished":"2024-05-10T15:37:18+00:00","dateModified":"2024-07-04T10:06:22+00:00","description":"La Suite Junior de l'H\u00f4tel Borj Dhiafa propose une exp\u00e9rience chaleureuse et \u00e9l\u00e9gante. Avec un lit King Size pour des nuits paisibles, et un salon spacieux pour se d\u00e9tendre apr\u00e8s une journ\u00e9e bien remplie devant une t\u00e9l\u00e9vision \u00e0 \u00e9cran plat de 42 pouces.","breadcrumb":{"@id":"https:\/\/www.hotelborjdhiafa.com\/fr\/product\/suite-junior\/#breadcrumb"},"inLanguage":"fr-FR","potentialAction":[{"@type":"ReadAction","target":["https:\/\/www.hotelborjdhiafa.com\/fr\/product\/suite-junior\/"]}]},{"@type":"ImageObject","inLanguage":"fr-FR","@id":"https:\/\/www.hotelborjdhiafa.com\/fr\/product\/suite-junior\/#primaryimage","url":"https:\/\/www.hotelborjdhiafa.com\/wp-content\/uploads\/2024\/05\/photo2-min.webp","contentUrl":"https:\/\/www.hotelborjdhiafa.com\/wp-content\/uploads\/2024\/05\/photo2-min.webp","width":1320,"height":1320,"caption":"hotel borj dhiafa sfax"},{"@type":"BreadcrumbList","@id":"https:\/\/www.hotelborjdhiafa.com\/fr\/product\/suite-junior\/#breadcrumb","itemListElement":[{"@type":"ListItem","position":1,"name":"Home","item":"https:\/\/www.hotelborjdhiafa.com\/fr\/"},{"@type":"ListItem","position":2,"name":"Reserve","item":"https:\/\/www.hotelborjdhiafa.com\/shop\/"},{"@type":"ListItem","position":3,"name":"Suite Junior"}]},{"@type":"WebSite","@id":"https:\/\/www.hotelborjdhiafa.com\/#website","url":"https:\/\/www.hotelborjdhiafa.com\/","name":"H\u00f4tel Borj Dhiafa","description":"H\u00f4tel de charme","potentialAction":[{"@type":"SearchAction","target":{"@type":"EntryPoint","urlTemplate":"https:\/\/www.hotelborjdhiafa.com\/?s={search_term_string}"},"query-input":"required name=search_term_string"}],"inLanguage":"fr-FR"}]}},"_links":{"self":[{"href":"https:\/\/www.hotelborjdhiafa.com\/fr\/wp-json\/wp\/v2\/product\/1139","targetHints":{"allow":["GET"]}}],"collection":[{"href":"https:\/\/www.hotelborjdhiafa.com\/fr\/wp-json\/wp\/v2\/product"}],"about":[{"href":"https:\/\/www.hotelborjdhiafa.com\/fr\/wp-json\/wp\/v2\/types\/product"}],"replies":[{"embeddable":true,"href":"https:\/\/www.hotelborjdhiafa.com\/fr\/wp-json\/wp\/v2\/comments?post=1139"}],"wp:featuredmedia":[{"embeddable":true,"href":"https:\/\/www.hotelborjdhiafa.com\/fr\/wp-json\/wp\/v2\/media\/2893"}],"wp:attachment":[{"href":"https:\/\/www.hotelborjdhiafa.com\/fr\/wp-json\/wp\/v2\/media?parent=1139"}],"wp:term":[{"taxonomy":"product_cat","embeddable":true,"href":"https:\/\/www.hotelborjdhiafa.com\/fr\/wp-json\/wp\/v2\/product_cat?post=1139"},{"taxonomy":"product_tag","embeddable":true,"href":"https:\/\/www.hotelborjdhiafa.com\/fr\/wp-json\/wp\/v2\/product_tag?post=1139"}],"curies":[{"name":"wp","href":"https:\/\/api.w.org\/{rel}","templated":true}]}}