{"id":1135,"date":"2024-05-10T17:31:14","date_gmt":"2024-05-10T15:31:14","guid":{"rendered":"https:\/\/www.hotelborjdhiafa.com\/?post_type=product&#038;p=1135"},"modified":"2025-01-24T17:40:55","modified_gmt":"2025-01-24T16:40:55","slug":"suite-senior","status":"publish","type":"product","link":"https:\/\/www.hotelborjdhiafa.com\/fr\/product\/suite-senior\/","title":{"rendered":"Suite Senior"},"content":{"rendered":"","protected":false},"excerpt":{"rendered":"<p>D\u00e9couvrez le luxe absolu dans notre suite, avec une chambre \u00e0 coucher somptueuse et un lit King Size pour des nuits de repos r\u00e9parateur. Le salon spacieux et confortable est id\u00e9al pour des moments de convivialit\u00e9 en famille ou entre amis, tandis que la salle \u00e0 manger attenante offre un cadre \u00e9l\u00e9gant pour savourer des repas d\u00e9licieux en toute intimit\u00e9.<\/p>\n","protected":false},"featured_media":2884,"comment_status":"closed","ping_status":"closed","template":"","meta":[],"product_cat":[38],"product_tag":[],"class_list":{"0":"post-1135","1":"product","2":"type-product","3":"status-publish","4":"has-post-thumbnail","6":"product_cat-logement","7":"yith_booking_service-petit-dejeuner","9":"first","10":"instock","11":"virtual","12":"sold-individually","13":"purchasable","14":"product-type-booking"},"yoast_head":"<!-- This site is optimized with the Yoast SEO plugin v23.1 - https:\/\/yoast.com\/wordpress\/plugins\/seo\/ -->\n<title>Suite Senior | H\u00f4tel Borj Dhiafa<\/title>\n<meta name=\"description\" content=\"D\u00e9couvrez le luxe absolu dans notre suite, avec une chambre \u00e0 coucher somptueuse et un lit King Size pour des nuits de repos r\u00e9parateur. Le salon spacieux et confortable est id\u00e9al pour des moments de convivialit\u00e9 en famille ou entre amis, tandis que la salle \u00e0 manger attenante offre un cadre \u00e9l\u00e9gant pour savourer des repas d\u00e9licieux en toute intimit\u00e9.\" \/>\n<meta name=\"robots\" content=\"index, follow, max-snippet:-1, max-image-preview:large, max-video-preview:-1\" \/>\n<link rel=\"canonical\" href=\"https:\/\/www.hotelborjdhiafa.com\/fr\/product\/suite-senior\/\" \/>\n<meta property=\"og:locale\" content=\"fr_FR\" \/>\n<meta property=\"og:type\" content=\"article\" \/>\n<meta property=\"og:title\" content=\"Suite Senior | H\u00f4tel Borj Dhiafa\" \/>\n<meta property=\"og:description\" content=\"D\u00e9couvrez le luxe absolu dans notre suite, avec une chambre \u00e0 coucher somptueuse et un lit King Size pour des nuits de repos r\u00e9parateur. Le salon spacieux et confortable est id\u00e9al pour des moments de convivialit\u00e9 en famille ou entre amis, tandis que la salle \u00e0 manger attenante offre un cadre \u00e9l\u00e9gant pour savourer des repas d\u00e9licieux en toute intimit\u00e9.\" \/>\n<meta property=\"og:url\" content=\"https:\/\/www.hotelborjdhiafa.com\/fr\/product\/suite-senior\/\" \/>\n<meta property=\"og:site_name\" content=\"H\u00f4tel Borj Dhiafa\" \/>\n<meta property=\"article:modified_time\" content=\"2025-01-24T16:40:55+00:00\" \/>\n<meta property=\"og:image\" content=\"https:\/\/www.hotelborjdhiafa.com\/wp-content\/uploads\/2024\/05\/1-min.webp\" \/>\n\t<meta property=\"og:image:width\" content=\"1320\" \/>\n\t<meta property=\"og:image:height\" content=\"1320\" \/>\n\t<meta property=\"og:image:type\" content=\"image\/webp\" \/>\n<meta name=\"twitter:card\" content=\"summary_large_image\" \/>\n<meta name=\"twitter:label1\" content=\"Dur\u00e9e de lecture estim\u00e9e\" \/>\n\t<meta name=\"twitter:data1\" content=\"1 minute\" \/>\n<script type=\"application\/ld+json\" class=\"yoast-schema-graph\">{\"@context\":\"https:\/\/schema.org\",\"@graph\":[{\"@type\":\"WebPage\",\"@id\":\"https:\/\/www.hotelborjdhiafa.com\/fr\/product\/suite-senior\/\",\"url\":\"https:\/\/www.hotelborjdhiafa.com\/fr\/product\/suite-senior\/\",\"name\":\"Suite Senior | H\u00f4tel Borj Dhiafa\",\"isPartOf\":{\"@id\":\"https:\/\/www.hotelborjdhiafa.com\/#website\"},\"primaryImageOfPage\":{\"@id\":\"https:\/\/www.hotelborjdhiafa.com\/fr\/product\/suite-senior\/#primaryimage\"},\"image\":{\"@id\":\"https:\/\/www.hotelborjdhiafa.com\/fr\/product\/suite-senior\/#primaryimage\"},\"thumbnailUrl\":\"https:\/\/www.hotelborjdhiafa.com\/wp-content\/uploads\/2024\/05\/1-min.webp\",\"datePublished\":\"2024-05-10T15:31:14+00:00\",\"dateModified\":\"2025-01-24T16:40:55+00:00\",\"description\":\"D\u00e9couvrez le luxe absolu dans notre suite, avec une chambre \u00e0 coucher somptueuse et un lit King Size pour des nuits de repos r\u00e9parateur. Le salon spacieux et confortable est id\u00e9al pour des moments de convivialit\u00e9 en famille ou entre amis, tandis que la salle \u00e0 manger attenante offre un cadre \u00e9l\u00e9gant pour savourer des repas d\u00e9licieux en toute intimit\u00e9.\",\"breadcrumb\":{\"@id\":\"https:\/\/www.hotelborjdhiafa.com\/fr\/product\/suite-senior\/#breadcrumb\"},\"inLanguage\":\"fr-FR\",\"potentialAction\":[{\"@type\":\"ReadAction\",\"target\":[\"https:\/\/www.hotelborjdhiafa.com\/fr\/product\/suite-senior\/\"]}]},{\"@type\":\"ImageObject\",\"inLanguage\":\"fr-FR\",\"@id\":\"https:\/\/www.hotelborjdhiafa.com\/fr\/product\/suite-senior\/#primaryimage\",\"url\":\"https:\/\/www.hotelborjdhiafa.com\/wp-content\/uploads\/2024\/05\/1-min.webp\",\"contentUrl\":\"https:\/\/www.hotelborjdhiafa.com\/wp-content\/uploads\/2024\/05\/1-min.webp\",\"width\":1320,\"height\":1320,\"caption\":\"hotel borj dhiafa sfax\"},{\"@type\":\"BreadcrumbList\",\"@id\":\"https:\/\/www.hotelborjdhiafa.com\/fr\/product\/suite-senior\/#breadcrumb\",\"itemListElement\":[{\"@type\":\"ListItem\",\"position\":1,\"name\":\"Home\",\"item\":\"https:\/\/www.hotelborjdhiafa.com\/fr\/\"},{\"@type\":\"ListItem\",\"position\":2,\"name\":\"Reserve\",\"item\":\"https:\/\/www.hotelborjdhiafa.com\/shop\/\"},{\"@type\":\"ListItem\",\"position\":3,\"name\":\"Suite Senior\"}]},{\"@type\":\"WebSite\",\"@id\":\"https:\/\/www.hotelborjdhiafa.com\/#website\",\"url\":\"https:\/\/www.hotelborjdhiafa.com\/\",\"name\":\"H\u00f4tel Borj Dhiafa\",\"description\":\"H\u00f4tel de charme\",\"potentialAction\":[{\"@type\":\"SearchAction\",\"target\":{\"@type\":\"EntryPoint\",\"urlTemplate\":\"https:\/\/www.hotelborjdhiafa.com\/?s={search_term_string}\"},\"query-input\":\"required name=search_term_string\"}],\"inLanguage\":\"fr-FR\"}]}<\/script>\n<!-- \/ Yoast SEO plugin. -->","yoast_head_json":{"title":"Suite Senior | H\u00f4tel Borj Dhiafa","description":"D\u00e9couvrez le luxe absolu dans notre suite, avec une chambre \u00e0 coucher somptueuse et un lit King Size pour des nuits de repos r\u00e9parateur. Le salon spacieux et confortable est id\u00e9al pour des moments de convivialit\u00e9 en famille ou entre amis, tandis que la salle \u00e0 manger attenante offre un cadre \u00e9l\u00e9gant pour savourer des repas d\u00e9licieux en toute intimit\u00e9.","robots":{"index":"index","follow":"follow","max-snippet":"max-snippet:-1","max-image-preview":"max-image-preview:large","max-video-preview":"max-video-preview:-1"},"canonical":"https:\/\/www.hotelborjdhiafa.com\/fr\/product\/suite-senior\/","og_locale":"fr_FR","og_type":"article","og_title":"Suite Senior | H\u00f4tel Borj Dhiafa","og_description":"D\u00e9couvrez le luxe absolu dans notre suite, avec une chambre \u00e0 coucher somptueuse et un lit King Size pour des nuits de repos r\u00e9parateur. Le salon spacieux et confortable est id\u00e9al pour des moments de convivialit\u00e9 en famille ou entre amis, tandis que la salle \u00e0 manger attenante offre un cadre \u00e9l\u00e9gant pour savourer des repas d\u00e9licieux en toute intimit\u00e9.","og_url":"https:\/\/www.hotelborjdhiafa.com\/fr\/product\/suite-senior\/","og_site_name":"H\u00f4tel Borj Dhiafa","article_modified_time":"2025-01-24T16:40:55+00:00","og_image":[{"width":1320,"height":1320,"url":"https:\/\/www.hotelborjdhiafa.com\/wp-content\/uploads\/2024\/05\/1-min.webp","type":"image\/webp"}],"twitter_card":"summary_large_image","twitter_misc":{"Dur\u00e9e de lecture estim\u00e9e":"1 minute"},"schema":{"@context":"https:\/\/schema.org","@graph":[{"@type":"WebPage","@id":"https:\/\/www.hotelborjdhiafa.com\/fr\/product\/suite-senior\/","url":"https:\/\/www.hotelborjdhiafa.com\/fr\/product\/suite-senior\/","name":"Suite Senior | H\u00f4tel Borj Dhiafa","isPartOf":{"@id":"https:\/\/www.hotelborjdhiafa.com\/#website"},"primaryImageOfPage":{"@id":"https:\/\/www.hotelborjdhiafa.com\/fr\/product\/suite-senior\/#primaryimage"},"image":{"@id":"https:\/\/www.hotelborjdhiafa.com\/fr\/product\/suite-senior\/#primaryimage"},"thumbnailUrl":"https:\/\/www.hotelborjdhiafa.com\/wp-content\/uploads\/2024\/05\/1-min.webp","datePublished":"2024-05-10T15:31:14+00:00","dateModified":"2025-01-24T16:40:55+00:00","description":"D\u00e9couvrez le luxe absolu dans notre suite, avec une chambre \u00e0 coucher somptueuse et un lit King Size pour des nuits de repos r\u00e9parateur. Le salon spacieux et confortable est id\u00e9al pour des moments de convivialit\u00e9 en famille ou entre amis, tandis que la salle \u00e0 manger attenante offre un cadre \u00e9l\u00e9gant pour savourer des repas d\u00e9licieux en toute intimit\u00e9.","breadcrumb":{"@id":"https:\/\/www.hotelborjdhiafa.com\/fr\/product\/suite-senior\/#breadcrumb"},"inLanguage":"fr-FR","potentialAction":[{"@type":"ReadAction","target":["https:\/\/www.hotelborjdhiafa.com\/fr\/product\/suite-senior\/"]}]},{"@type":"ImageObject","inLanguage":"fr-FR","@id":"https:\/\/www.hotelborjdhiafa.com\/fr\/product\/suite-senior\/#primaryimage","url":"https:\/\/www.hotelborjdhiafa.com\/wp-content\/uploads\/2024\/05\/1-min.webp","contentUrl":"https:\/\/www.hotelborjdhiafa.com\/wp-content\/uploads\/2024\/05\/1-min.webp","width":1320,"height":1320,"caption":"hotel borj dhiafa sfax"},{"@type":"BreadcrumbList","@id":"https:\/\/www.hotelborjdhiafa.com\/fr\/product\/suite-senior\/#breadcrumb","itemListElement":[{"@type":"ListItem","position":1,"name":"Home","item":"https:\/\/www.hotelborjdhiafa.com\/fr\/"},{"@type":"ListItem","position":2,"name":"Reserve","item":"https:\/\/www.hotelborjdhiafa.com\/shop\/"},{"@type":"ListItem","position":3,"name":"Suite Senior"}]},{"@type":"WebSite","@id":"https:\/\/www.hotelborjdhiafa.com\/#website","url":"https:\/\/www.hotelborjdhiafa.com\/","name":"H\u00f4tel Borj Dhiafa","description":"H\u00f4tel de charme","potentialAction":[{"@type":"SearchAction","target":{"@type":"EntryPoint","urlTemplate":"https:\/\/www.hotelborjdhiafa.com\/?s={search_term_string}"},"query-input":"required name=search_term_string"}],"inLanguage":"fr-FR"}]}},"_links":{"self":[{"href":"https:\/\/www.hotelborjdhiafa.com\/fr\/wp-json\/wp\/v2\/product\/1135","targetHints":{"allow":["GET"]}}],"collection":[{"href":"https:\/\/www.hotelborjdhiafa.com\/fr\/wp-json\/wp\/v2\/product"}],"about":[{"href":"https:\/\/www.hotelborjdhiafa.com\/fr\/wp-json\/wp\/v2\/types\/product"}],"replies":[{"embeddable":true,"href":"https:\/\/www.hotelborjdhiafa.com\/fr\/wp-json\/wp\/v2\/comments?post=1135"}],"wp:featuredmedia":[{"embeddable":true,"href":"https:\/\/www.hotelborjdhiafa.com\/fr\/wp-json\/wp\/v2\/media\/2884"}],"wp:attachment":[{"href":"https:\/\/www.hotelborjdhiafa.com\/fr\/wp-json\/wp\/v2\/media?parent=1135"}],"wp:term":[{"taxonomy":"product_cat","embeddable":true,"href":"https:\/\/www.hotelborjdhiafa.com\/fr\/wp-json\/wp\/v2\/product_cat?post=1135"},{"taxonomy":"product_tag","embeddable":true,"href":"https:\/\/www.hotelborjdhiafa.com\/fr\/wp-json\/wp\/v2\/product_tag?post=1135"}],"curies":[{"name":"wp","href":"https:\/\/api.w.org\/{rel}","templated":true}]}}