{"id":3007,"date":"2024-06-13T13:02:45","date_gmt":"2024-06-13T11:02:45","guid":{"rendered":"https:\/\/www.hotelborjdhiafa.com\/?page_id=3007"},"modified":"2024-07-30T11:43:33","modified_gmt":"2024-07-30T09:43:33","slug":"galerie","status":"publish","type":"page","link":"https:\/\/www.hotelborjdhiafa.com\/fr\/galerie\/","title":{"rendered":"Galerie"},"content":{"rendered":"<div class=\"wpb-content-wrapper\"><p>[vc_row full_width=&#8221;stretch_row&#8221; css=&#8221;.vc_custom_1717066174883{margin-top: 20px !important;margin-bottom: 0px !important;padding-top: 20px !important;padding-bottom: 40px !important;background-image: url(https:\/\/www.hotelborjdhiafa.com\/wp-content\/uploads\/2018\/11\/p2.jpg?id=499) !important;background-position: 0 0 !important;background-repeat: repeat !important;}&#8221;][vc_column]<div class=\"clearboth\"><\/div><style>#thegem-divider-69ee512fa2c14 {margin-top: -50px !important;}<\/style><div id=\"thegem-divider-69ee512fa2c14\" class=\"gem-divider  \" style=\"\" ><\/div><div class=\"clearboth\"><\/div><style>#thegem-divider-69ee512fa2c3b {margin-top: 35px !important;}<\/style><div id=\"thegem-divider-69ee512fa2c3b\" class=\"gem-divider  \" style=\"\" ><\/div>[vc_raw_html]JTVCc3Bfd3BjYXJvdXNlbCUyMGlkJTNEJTIyMzA0NiUyMiU1RA==[\/vc_raw_html][\/vc_column][\/vc_row]<\/p>\n<\/div>","protected":false},"excerpt":{"rendered":"<p>[vc_row full_width=&#8221;stretch_row&#8221; css=&#8221;.vc_custom_1717066174883{margin-top: 20px !important;margin-bottom: 0px !important;padding-top: 20px !important;padding-bottom: 40px !important;background-image: url(https:\/\/www.hotelborjdhiafa.com\/wp-content\/uploads\/2018\/11\/p2.jpg?id=499) !important;background-position: 0 0 !important;background-repeat: repeat !important;}&#8221;][vc_column][vc_raw_html]JTVCc3Bfd3BjYXJvdXNlbCUyMGlkJTNEJTIyMzA0NiUyMiU1RA==[\/vc_raw_html][\/vc_column][\/vc_row]<\/p>\n","protected":false},"author":1,"featured_media":0,"parent":0,"menu_order":0,"comment_status":"closed","ping_status":"closed","template":"","meta":{"footnotes":""},"class_list":["post-3007","page","type-page","status-publish"],"yoast_head":"<!-- This site is optimized with the Yoast SEO plugin v23.1 - https:\/\/yoast.com\/wordpress\/plugins\/seo\/ -->\n<title>Galerie de photos | Explorez notre h\u00f4tel 5* \u00e0 Sfax, Tunisie<\/title>\n<meta name=\"description\" content=\"Explorez en images notre h\u00f4tel 5* \u00e0 Sfax pour un s\u00e9jour luxueux et m\u00e9morable en Tunisie. Cliquez ici et laissez-vous tenter !\" \/>\n<meta name=\"robots\" content=\"index, follow, max-snippet:-1, max-image-preview:large, max-video-preview:-1\" \/>\n<link rel=\"canonical\" href=\"https:\/\/www.hotelborjdhiafa.com\/fr\/galerie\/\" \/>\n<meta property=\"og:locale\" content=\"fr_FR\" \/>\n<meta property=\"og:type\" content=\"article\" \/>\n<meta property=\"og:title\" content=\"Galerie de photos | Explorez notre h\u00f4tel 5* \u00e0 Sfax, Tunisie\" \/>\n<meta property=\"og:description\" content=\"Explorez en images notre h\u00f4tel 5* \u00e0 Sfax pour un s\u00e9jour luxueux et m\u00e9morable en Tunisie. Cliquez ici et laissez-vous tenter !\" \/>\n<meta property=\"og:url\" content=\"https:\/\/www.hotelborjdhiafa.com\/fr\/galerie\/\" \/>\n<meta property=\"og:site_name\" content=\"H\u00f4tel Borj Dhiafa\" \/>\n<meta property=\"article:modified_time\" content=\"2024-07-30T09:43:33+00:00\" \/>\n<meta name=\"twitter:card\" content=\"summary_large_image\" \/>\n<meta name=\"twitter:label1\" content=\"Dur\u00e9e de lecture estim\u00e9e\" \/>\n\t<meta name=\"twitter:data1\" content=\"1 minute\" \/>\n<script type=\"application\/ld+json\" class=\"yoast-schema-graph\">{\"@context\":\"https:\/\/schema.org\",\"@graph\":[{\"@type\":\"WebPage\",\"@id\":\"https:\/\/www.hotelborjdhiafa.com\/fr\/galerie\/\",\"url\":\"https:\/\/www.hotelborjdhiafa.com\/fr\/galerie\/\",\"name\":\"Galerie de photos | Explorez notre h\u00f4tel 5* \u00e0 Sfax, Tunisie\",\"isPartOf\":{\"@id\":\"https:\/\/www.hotelborjdhiafa.com\/#website\"},\"datePublished\":\"2024-06-13T11:02:45+00:00\",\"dateModified\":\"2024-07-30T09:43:33+00:00\",\"description\":\"Explorez en images notre h\u00f4tel 5* \u00e0 Sfax pour un s\u00e9jour luxueux et m\u00e9morable en Tunisie. Cliquez ici et laissez-vous tenter !\",\"breadcrumb\":{\"@id\":\"https:\/\/www.hotelborjdhiafa.com\/fr\/galerie\/#breadcrumb\"},\"inLanguage\":\"fr-FR\",\"potentialAction\":[{\"@type\":\"ReadAction\",\"target\":[\"https:\/\/www.hotelborjdhiafa.com\/fr\/galerie\/\"]}]},{\"@type\":\"BreadcrumbList\",\"@id\":\"https:\/\/www.hotelborjdhiafa.com\/fr\/galerie\/#breadcrumb\",\"itemListElement\":[{\"@type\":\"ListItem\",\"position\":1,\"name\":\"Home\",\"item\":\"https:\/\/www.hotelborjdhiafa.com\/fr\/\"},{\"@type\":\"ListItem\",\"position\":2,\"name\":\"Galerie\"}]},{\"@type\":\"WebSite\",\"@id\":\"https:\/\/www.hotelborjdhiafa.com\/#website\",\"url\":\"https:\/\/www.hotelborjdhiafa.com\/\",\"name\":\"H\u00f4tel Borj Dhiafa\",\"description\":\"H\u00f4tel de charme\",\"potentialAction\":[{\"@type\":\"SearchAction\",\"target\":{\"@type\":\"EntryPoint\",\"urlTemplate\":\"https:\/\/www.hotelborjdhiafa.com\/?s={search_term_string}\"},\"query-input\":\"required name=search_term_string\"}],\"inLanguage\":\"fr-FR\"}]}<\/script>\n<!-- \/ Yoast SEO plugin. -->","yoast_head_json":{"title":"Galerie de photos | Explorez notre h\u00f4tel 5* \u00e0 Sfax, Tunisie","description":"Explorez en images notre h\u00f4tel 5* \u00e0 Sfax pour un s\u00e9jour luxueux et m\u00e9morable en Tunisie. Cliquez ici et laissez-vous tenter !","robots":{"index":"index","follow":"follow","max-snippet":"max-snippet:-1","max-image-preview":"max-image-preview:large","max-video-preview":"max-video-preview:-1"},"canonical":"https:\/\/www.hotelborjdhiafa.com\/fr\/galerie\/","og_locale":"fr_FR","og_type":"article","og_title":"Galerie de photos | Explorez notre h\u00f4tel 5* \u00e0 Sfax, Tunisie","og_description":"Explorez en images notre h\u00f4tel 5* \u00e0 Sfax pour un s\u00e9jour luxueux et m\u00e9morable en Tunisie. Cliquez ici et laissez-vous tenter !","og_url":"https:\/\/www.hotelborjdhiafa.com\/fr\/galerie\/","og_site_name":"H\u00f4tel Borj Dhiafa","article_modified_time":"2024-07-30T09:43:33+00:00","twitter_card":"summary_large_image","twitter_misc":{"Dur\u00e9e de lecture estim\u00e9e":"1 minute"},"schema":{"@context":"https:\/\/schema.org","@graph":[{"@type":"WebPage","@id":"https:\/\/www.hotelborjdhiafa.com\/fr\/galerie\/","url":"https:\/\/www.hotelborjdhiafa.com\/fr\/galerie\/","name":"Galerie de photos | Explorez notre h\u00f4tel 5* \u00e0 Sfax, Tunisie","isPartOf":{"@id":"https:\/\/www.hotelborjdhiafa.com\/#website"},"datePublished":"2024-06-13T11:02:45+00:00","dateModified":"2024-07-30T09:43:33+00:00","description":"Explorez en images notre h\u00f4tel 5* \u00e0 Sfax pour un s\u00e9jour luxueux et m\u00e9morable en Tunisie. Cliquez ici et laissez-vous tenter !","breadcrumb":{"@id":"https:\/\/www.hotelborjdhiafa.com\/fr\/galerie\/#breadcrumb"},"inLanguage":"fr-FR","potentialAction":[{"@type":"ReadAction","target":["https:\/\/www.hotelborjdhiafa.com\/fr\/galerie\/"]}]},{"@type":"BreadcrumbList","@id":"https:\/\/www.hotelborjdhiafa.com\/fr\/galerie\/#breadcrumb","itemListElement":[{"@type":"ListItem","position":1,"name":"Home","item":"https:\/\/www.hotelborjdhiafa.com\/fr\/"},{"@type":"ListItem","position":2,"name":"Galerie"}]},{"@type":"WebSite","@id":"https:\/\/www.hotelborjdhiafa.com\/#website","url":"https:\/\/www.hotelborjdhiafa.com\/","name":"H\u00f4tel Borj Dhiafa","description":"H\u00f4tel de charme","potentialAction":[{"@type":"SearchAction","target":{"@type":"EntryPoint","urlTemplate":"https:\/\/www.hotelborjdhiafa.com\/?s={search_term_string}"},"query-input":"required name=search_term_string"}],"inLanguage":"fr-FR"}]}},"_links":{"self":[{"href":"https:\/\/www.hotelborjdhiafa.com\/fr\/wp-json\/wp\/v2\/pages\/3007","targetHints":{"allow":["GET"]}}],"collection":[{"href":"https:\/\/www.hotelborjdhiafa.com\/fr\/wp-json\/wp\/v2\/pages"}],"about":[{"href":"https:\/\/www.hotelborjdhiafa.com\/fr\/wp-json\/wp\/v2\/types\/page"}],"author":[{"embeddable":true,"href":"https:\/\/www.hotelborjdhiafa.com\/fr\/wp-json\/wp\/v2\/users\/1"}],"replies":[{"embeddable":true,"href":"https:\/\/www.hotelborjdhiafa.com\/fr\/wp-json\/wp\/v2\/comments?post=3007"}],"version-history":[{"count":11,"href":"https:\/\/www.hotelborjdhiafa.com\/fr\/wp-json\/wp\/v2\/pages\/3007\/revisions"}],"predecessor-version":[{"id":3047,"href":"https:\/\/www.hotelborjdhiafa.com\/fr\/wp-json\/wp\/v2\/pages\/3007\/revisions\/3047"}],"wp:attachment":[{"href":"https:\/\/www.hotelborjdhiafa.com\/fr\/wp-json\/wp\/v2\/media?parent=3007"}],"curies":[{"name":"wp","href":"https:\/\/api.w.org\/{rel}","templated":true}]}}