{"id":276,"date":"2018-10-19T14:50:17","date_gmt":"2018-10-19T14:50:17","guid":{"rendered":"http:\/\/democontent.codex-themes.com\/sites\/resort-hotel\/services-2\/"},"modified":"2024-08-09T11:00:06","modified_gmt":"2024-08-09T09:00:06","slug":"contact","status":"publish","type":"page","link":"https:\/\/www.hotelborjdhiafa.com\/fr\/contact\/","title":{"rendered":"Contact"},"content":{"rendered":"<div class=\"wpb-content-wrapper\"><p>[vc_row full_width=&#8221;stretch_row&#8221; equal_height=&#8221;yes&#8221; el_disable_tablet=&#8221;1&#8243; el_disable_mobile=&#8221;1&#8243; css=&#8221;.vc_custom_1717068395513{margin-top: 0px !important;margin-bottom: 0px !important;padding-top: 40px !important;padding-bottom: 140px !important;background: rgba(255,255,255,0.01) url(https:\/\/www.hotelborjdhiafa.com\/wp-content\/uploads\/2018\/11\/p2.jpg?id=499) !important;background-position: 0 0 !important;background-repeat: repeat !important;*background-color: rgb(255,255,255) !important;}&#8221;][vc_column width=&#8221;1\/3&#8243; css_animation=&#8221;none&#8221; css=&#8221;.vc_custom_1540556569456{margin-top: 0px !important;margin-bottom: 0px !important;border-right-width: 1px !important;padding-top: 80px !important;padding-bottom: 80px !important;background-color: #ffffff !important;border-right-color: #e7e9e8 !important;border-right-style: solid !important;}&#8221; offset=&#8221;vc_col-lg-4 vc_col-md-4 vc_col-xs-12&#8243;]<div class=\"centered-box\"><div class=\"gem-icon gem-icon-pack-material gem-icon-size-medium  gem-icon-shape-square gem-simple-icon\"  style=\"opacity: 1;\"><div class=\"gem-icon-inner\" style=\"\"><span class=\"gem-icon-half-1\" style=\"color: #cb9734;\"><span class=\"back-angle\">&#xf3e3;<\/span><\/span><span class=\"gem-icon-half-2\" style=\"color: #cb9734;\"><span class=\"back-angle\">&#xf3e3;<\/span><\/span><\/div><\/div><\/div><div class=\"clearboth\"><\/div><style>#thegem-divider-69d7842a79c29 {margin-top: 30px !important;}<\/style><div id=\"thegem-divider-69d7842a79c29\" class=\"gem-divider  \" style=\"\" ><\/div>[vc_column_text]<\/p>\n<div class=\"title-h5 light\" style=\"text-align: center;\"><span style=\"color: #cb9734;\">ADRESSE<\/span><\/div>\n<p>[\/vc_column_text][vc_column_text]<\/p>\n<p style=\"text-align: center;\">Rte Soukra, km 3, SfaxTunisie<\/p>\n<p>[\/vc_column_text][\/vc_column][vc_column width=&#8221;1\/3&#8243; css_animation=&#8221;none&#8221; css=&#8221;.vc_custom_1540556578285{margin-top: 0px !important;margin-bottom: 0px !important;border-right-width: 1px !important;padding-top: 80px !important;padding-bottom: 80px !important;background-color: #ffffff !important;border-right-color: #e7e9e8 !important;border-right-style: solid !important;}&#8221; offset=&#8221;vc_col-lg-4 vc_col-md-4 vc_col-xs-12&#8243;]<div class=\"centered-box\"><div class=\"gem-icon gem-icon-pack-material gem-icon-size-medium  gem-icon-shape-square gem-simple-icon\"  style=\"opacity: 1;\"><div class=\"gem-icon-inner\" style=\"\"><span class=\"gem-icon-half-1\" style=\"color: #cb9734;\"><span class=\"back-angle\">&#xf1f3;<\/span><\/span><span class=\"gem-icon-half-2\" style=\"color: #cb9734;\"><span class=\"back-angle\">&#xf1f3;<\/span><\/span><\/div><\/div><\/div><div class=\"clearboth\"><\/div><style>#thegem-divider-69d7842a79c71 {margin-top: 30px !important;}<\/style><div id=\"thegem-divider-69d7842a79c71\" class=\"gem-divider  \" style=\"\" ><\/div>[vc_column_text]<\/p>\n<div class=\"title-h5 light\" style=\"text-align: center;\"><span style=\"color: #cb9734;\">T\u00c9L\u00c9PHONE<\/span><\/div>\n<p>[\/vc_column_text][vc_column_text]<\/p>\n<p style=\"text-align: center;\">+216-74-677-777<\/p>\n<p>[\/vc_column_text][\/vc_column][vc_column width=&#8221;1\/3&#8243; css_animation=&#8221;none&#8221; css=&#8221;.vc_custom_1540558422521{margin-top: 0px !important;margin-bottom: 0px !important;border-right-width: 1px !important;padding-top: 80px !important;padding-bottom: 80px !important;background-color: #ffffff !important;}&#8221; offset=&#8221;vc_col-lg-4 vc_col-md-4 vc_col-xs-12&#8243;]<div class=\"centered-box\"><div class=\"gem-icon gem-icon-pack-material gem-icon-size-medium  gem-icon-shape-square gem-simple-icon\"  style=\"opacity: 1;\"><div class=\"gem-icon-inner\" style=\"\"><span class=\"gem-icon-half-1\" style=\"color: #cb9734;\"><span class=\"back-angle\">&#xf54c;<\/span><\/span><span class=\"gem-icon-half-2\" style=\"color: #cb9734;\"><span class=\"back-angle\">&#xf54c;<\/span><\/span><\/div><\/div><\/div><div class=\"clearboth\"><\/div><style>#thegem-divider-69d7842a79cac {margin-top: 30px !important;}<\/style><div id=\"thegem-divider-69d7842a79cac\" class=\"gem-divider  \" style=\"\" ><\/div>[vc_column_text]<\/p>\n<div class=\"title-h5 light\" style=\"text-align: center;\"><span style=\"color: #cb9734;\">E-MAIL<\/span><\/div>\n<p>[\/vc_column_text][vc_column_text]<\/p>\n<p style=\"text-align: center;\">sfax@hotelborjdhiafa.com<\/p>\n<p>[\/vc_column_text][\/vc_column][\/vc_row][vc_row full_width=&#8221;stretch_row&#8221; equal_height=&#8221;yes&#8221; el_disable_desktop=&#8221;1&#8243; css=&#8221;.vc_custom_1717068417515{margin-top: 0px !important;margin-bottom: 0px !important;padding-top: 40px !important;padding-bottom: 140px !important;background-color: rgba(255,255,255,0.01) !important;background-position: 0 0 !important;background-repeat: repeat !important;*background-color: rgb(255,255,255) !important;}&#8221;][vc_column width=&#8221;1\/3&#8243; css_animation=&#8221;none&#8221; css=&#8221;.vc_custom_1540556569456{margin-top: 0px !important;margin-bottom: 0px !important;border-right-width: 1px !important;padding-top: 80px !important;padding-bottom: 80px !important;background-color: #ffffff !important;border-right-color: #e7e9e8 !important;border-right-style: solid !important;}&#8221; offset=&#8221;vc_col-lg-4 vc_col-md-4 vc_col-xs-12&#8243;]<div class=\"centered-box\"><div class=\"gem-icon gem-icon-pack-material gem-icon-size-medium  gem-icon-shape-square gem-simple-icon\"  style=\"opacity: 1;\"><div class=\"gem-icon-inner\" style=\"\"><span class=\"gem-icon-half-1\" style=\"color: #cb9734;\"><span class=\"back-angle\">&#xf3e3;<\/span><\/span><span class=\"gem-icon-half-2\" style=\"color: #cb9734;\"><span class=\"back-angle\">&#xf3e3;<\/span><\/span><\/div><\/div><\/div><div class=\"clearboth\"><\/div><style>#thegem-divider-69d7842a79ce4 {margin-top: 30px !important;}<\/style><div id=\"thegem-divider-69d7842a79ce4\" class=\"gem-divider  \" style=\"\" ><\/div>[vc_column_text]<\/p>\n<div class=\"title-h5 light\" style=\"text-align: center;\"><span style=\"color: #cb9734;\">ADRESSE<\/span><\/div>\n<p>[\/vc_column_text][vc_column_text]<\/p>\n<p style=\"text-align: center;\">Rte Soukra, km 3, SfaxTunisie<\/p>\n<p>[\/vc_column_text][\/vc_column][vc_column width=&#8221;1\/3&#8243; css_animation=&#8221;none&#8221; css=&#8221;.vc_custom_1540556578285{margin-top: 0px !important;margin-bottom: 0px !important;border-right-width: 1px !important;padding-top: 80px !important;padding-bottom: 80px !important;background-color: #ffffff !important;border-right-color: #e7e9e8 !important;border-right-style: solid !important;}&#8221; offset=&#8221;vc_col-lg-4 vc_col-md-4 vc_col-xs-12&#8243;]<div class=\"centered-box\"><div class=\"gem-icon gem-icon-pack-material gem-icon-size-medium  gem-icon-shape-square gem-simple-icon\"  style=\"opacity: 1;\"><div class=\"gem-icon-inner\" style=\"\"><span class=\"gem-icon-half-1\" style=\"color: #cb9734;\"><span class=\"back-angle\">&#xf1f3;<\/span><\/span><span class=\"gem-icon-half-2\" style=\"color: #cb9734;\"><span class=\"back-angle\">&#xf1f3;<\/span><\/span><\/div><\/div><\/div><div class=\"clearboth\"><\/div><style>#thegem-divider-69d7842a79d19 {margin-top: 30px !important;}<\/style><div id=\"thegem-divider-69d7842a79d19\" class=\"gem-divider  \" style=\"\" ><\/div>[vc_column_text]<\/p>\n<div class=\"title-h5 light\" style=\"text-align: center;\"><span style=\"color: #cb9734;\">T\u00c9L\u00c9PHONE<\/span><\/div>\n<p>[\/vc_column_text][vc_column_text]<\/p>\n<p style=\"text-align: center;\">+216-74-677-777<\/p>\n<p>[\/vc_column_text][\/vc_column][vc_column width=&#8221;1\/3&#8243; css_animation=&#8221;none&#8221; css=&#8221;.vc_custom_1540558422521{margin-top: 0px !important;margin-bottom: 0px !important;border-right-width: 1px !important;padding-top: 80px !important;padding-bottom: 80px !important;background-color: #ffffff !important;}&#8221; offset=&#8221;vc_col-lg-4 vc_col-md-4 vc_col-xs-12&#8243;]<div class=\"centered-box\"><div class=\"gem-icon gem-icon-pack-material gem-icon-size-medium  gem-icon-shape-square gem-simple-icon\"  style=\"opacity: 1;\"><div class=\"gem-icon-inner\" style=\"\"><span class=\"gem-icon-half-1\" style=\"color: #cb9734;\"><span class=\"back-angle\">&#xf54c;<\/span><\/span><span class=\"gem-icon-half-2\" style=\"color: #cb9734;\"><span class=\"back-angle\">&#xf54c;<\/span><\/span><\/div><\/div><\/div><div class=\"clearboth\"><\/div><style>#thegem-divider-69d7842a79d4b {margin-top: 30px !important;}<\/style><div id=\"thegem-divider-69d7842a79d4b\" class=\"gem-divider  \" style=\"\" ><\/div>[vc_column_text]<\/p>\n<div class=\"title-h5 light\" style=\"text-align: center;\"><span style=\"color: #cb9734;\">E-MAIL<\/span><\/div>\n<p>[\/vc_column_text][vc_column_text]<\/p>\n<p style=\"text-align: center;\">sfax@hotelborjdhiafa.com<\/p>\n<p>[\/vc_column_text][\/vc_column][\/vc_row][vc_row full_width=&#8221;stretch_row&#8221; css=&#8221;.vc_custom_1720079707392{margin-top: -100px !important;margin-bottom: 0px !important;border-bottom-width: 1px !important;padding-top: 10px !important;padding-bottom: 100px !important;background-image: url(https:\/\/www.hotelborjdhiafa.com\/wp-content\/uploads\/2024\/06\/p1-1.webp?id=3123) !important;background-position: 0 0 !important;background-repeat: repeat !important;border-bottom-color: #6e6555 !important;border-bottom-style: solid !important;}&#8221;][vc_column][vc_column_text css_animation=&#8221;bottom-to-top&#8221;]<\/p>\n<div class=\"title-h5\" style=\"text-align: center;\"><span class=\"light\" style=\"color: #ffffff;\">Besoin d&#8217;informations <\/span><\/div>\n<p>[\/vc_column_text]<div class=\"clearboth\"><\/div><style>#thegem-divider-69d7842a79d63 {margin-top: -20px !important;}<\/style><div id=\"thegem-divider-69d7842a79d63\" class=\"gem-divider  \" style=\"\" ><\/div>[vc_column_text css_animation=&#8221;bottom-to-top&#8221; el_class=&#8221;uppercase-disable&#8221;]<\/p>\n<div class=\"title-h1\" style=\"text-align: center;\"><span style=\"color: #e2c285;\">Contactez-nous<\/span><\/div>\n<p>[\/vc_column_text]<div class=\"clearboth\"><\/div><style>#thegem-divider-69d7842a79d77 {margin-top: 35px !important;}<\/style><div id=\"thegem-divider-69d7842a79d77\" class=\"gem-divider  \" style=\"\" ><\/div>[vc_single_image image=&#8221;522&#8243; img_size=&#8221;full&#8221; alignment=&#8221;center&#8221;]<div class=\"clearboth\"><\/div><style>#thegem-divider-69d7842a79d8b {margin-top: 80px !important;}<\/style><div id=\"thegem-divider-69d7842a79d8b\" class=\"gem-divider  \" style=\"\" ><\/div>\n<div class=\"wpcf7 no-js\" id=\"wpcf7-f6-o1\" lang=\"en-US\" dir=\"ltr\">\n<div class=\"screen-reader-response\"><p role=\"status\" aria-live=\"polite\" aria-atomic=\"true\"><\/p> <ul><\/ul><\/div>\n<form action=\"\/fr\/wp-json\/wp\/v2\/pages\/276#wpcf7-f6-o1\" method=\"post\" class=\"wpcf7-form init gem-contact-form-dark\" aria-label=\"Contact form\" novalidate=\"novalidate\" data-status=\"init\">\n<div style=\"display: none;\">\n<input type=\"hidden\" name=\"_wpcf7\" value=\"6\" \/>\n<input type=\"hidden\" name=\"_wpcf7_version\" value=\"5.9.6\" \/>\n<input type=\"hidden\" name=\"_wpcf7_locale\" value=\"en_US\" \/>\n<input type=\"hidden\" name=\"_wpcf7_unit_tag\" value=\"wpcf7-f6-o1\" \/>\n<input type=\"hidden\" name=\"_wpcf7_container_post\" value=\"0\" \/>\n<input type=\"hidden\" name=\"_wpcf7_posted_data_hash\" value=\"\" \/>\n<input type=\"hidden\" name=\"_wpcf7_recaptcha_response\" value=\"\" \/>\n<\/div>\n<div class=\"contact-form row\">\n\t<div style=\"margin-bottom: 40px;\" class=\"col-lg-4 col-md-4 col-xs-12\"><span class=\"wpcf7-form-control-wrap\" data-name=\"your-name\"><input size=\"40\" maxlength=\"80\" class=\"wpcf7-form-control wpcf7-text wpcf7-validates-as-required\" aria-required=\"true\" aria-invalid=\"false\" placeholder=\"Nom*\" value=\"\" type=\"text\" name=\"your-name\" \/><\/span><\/div>\n\n\t<div style=\"margin-bottom: 40px;\" class=\"col-lg-4 col-md-4 col-xs-12\"><span class=\"wpcf7-form-control-wrap\" data-name=\"your-email\"><input size=\"40\" maxlength=\"80\" class=\"wpcf7-form-control wpcf7-email wpcf7-validates-as-required wpcf7-text wpcf7-validates-as-email\" aria-required=\"true\" aria-invalid=\"false\" placeholder=\"Email*\" value=\"\" type=\"email\" name=\"your-email\" \/><\/span><\/div>\n\n\t<div style=\"margin-bottom: 40px;\" class=\"col-lg-4 col-md-4 col-xs-12\"><span class=\"wpcf7-form-control-wrap\" data-name=\"your-website\"><input size=\"40\" maxlength=\"80\" class=\"wpcf7-form-control wpcf7-text\" aria-invalid=\"false\" placeholder=\"Sujet*\" value=\"\" type=\"text\" name=\"your-website\" \/><\/span><\/div>\n\n\t<div style=\"margin-bottom: 15px;\" class=\"col-lg-12 col-md-12 col-xs-12\"><span class=\"wpcf7-form-control-wrap\" data-name=\"your-message\"><textarea cols=\"40\" rows=\"10\" maxlength=\"400\" class=\"wpcf7-form-control wpcf7-textarea wpcf7-validates-as-required\" aria-required=\"true\" aria-invalid=\"false\" placeholder=\"Message\" name=\"your-message\"><\/textarea><\/span><\/div>\n<span class=\"wpcf7-form-control-wrap recaptcha\"><span data-sitekey=\"6Le_nuwpAAAAAFwM0eHiYY05UhsZrEIbd68wwalY\" data-size=\"compact\" data-theme=\"dark\" data-align=\"center\" class=\"wpcf7-form-control wpcf7-recaptcha g-recaptcha\"><\/span>\r\n<noscript>\r\n\t<div class=\"grecaptcha-noscript\">\r\n\t\t<iframe src=\"https:\/\/www.google.com\/recaptcha\/api\/fallback?k=6Le_nuwpAAAAAFwM0eHiYY05UhsZrEIbd68wwalY\" frameborder=\"0\" scrolling=\"no\" width=\"310\" height=\"430\">\r\n\t\t<\/iframe>\r\n\t\t<textarea name=\"g-recaptcha-response\" rows=\"3\" cols=\"40\" placeholder=\"reCaptcha Response Here\">\r\n\t\t<\/textarea>\r\n\t<\/div>\r\n<\/noscript>\r\n<\/span>      \n  <div class=\"col-lg-12 col-md-12 col-xs-12\"><style type=\"text\/css\">.thegem-button-69d7842a7b8636116 .gem-button svg {fill: #313131;}.thegem-button-69d7842a7b8636116 .gem-button:hover svg {fill: #e2c285;}<\/style><div class=\"gem-button-container gem-button-position-center thegem-button-69d7842a7b8636116\"  ><input class=\"gem-button gem-button-size-medium gem-button-style-flat gem-button-text-weight-normal wpcf7-form-control wpcf7-submit has-spinner gem-button-wpcf-custom\" data-ll-effect=\"drop-right-without-wrap\" style=\"border-radius: 0px;background-color: #e2c285;color: #313131;\" onmouseleave=\"this.style.backgroundColor='#e2c285';this.style.color='#313131';\" onmouseenter=\"this.style.backgroundColor='#141414';this.style.color='#e2c285';\" id=\"\" tabindex=\"\" type=\"submit\" value=\"Envoyer message\" \/><\/div> <\/div>\n<\/div><div class=\"wpcf7-response-output\" aria-hidden=\"true\"><\/div>\n<\/form>\n<\/div>\n[\/vc_column][\/vc_row]<\/p>\n<\/div>","protected":false},"excerpt":{"rendered":"<p>[vc_row full_width=&#8221;stretch_row&#8221; equal_height=&#8221;yes&#8221; el_disable_tablet=&#8221;1&#8243; el_disable_mobile=&#8221;1&#8243; css=&#8221;.vc_custom_1717068395513{margin-top: 0px !important;margin-bottom: 0px !important;padding-top: 40px !important;padding-bottom: 140px !important;background: rgba(255,255,255,0.01) url(https:\/\/www.hotelborjdhiafa.com\/wp-content\/uploads\/2018\/11\/p2.jpg?id=499) !important;background-position: 0 0 !important;background-repeat:&#8230;<\/p>\n","protected":false},"author":1,"featured_media":0,"parent":0,"menu_order":0,"comment_status":"closed","ping_status":"closed","template":"","meta":{"footnotes":""},"class_list":["post-276","page","type-page","status-publish"],"yoast_head":"<!-- This site is optimized with the Yoast SEO plugin v23.1 - https:\/\/yoast.com\/wordpress\/plugins\/seo\/ -->\n<title>Contact H\u00f4tel Borj Dhiafa | S\u00e9jour \u00e0 Sfax, Tunisie<\/title>\n<meta name=\"description\" content=\"Contactez notre H\u00f4tel pour toute question, r\u00e9servation ou autres. D\u00e9couvrez nos h\u00e9bergements luxueux et notre hospitalit\u00e9 exceptionnelle \u00e0 Sfax, en Tunisie.\" \/>\n<meta name=\"robots\" content=\"index, follow, max-snippet:-1, max-image-preview:large, max-video-preview:-1\" \/>\n<link rel=\"canonical\" href=\"https:\/\/www.hotelborjdhiafa.com\/fr\/contact\/\" \/>\n<meta property=\"og:locale\" content=\"fr_FR\" \/>\n<meta property=\"og:type\" content=\"article\" \/>\n<meta property=\"og:title\" content=\"Contact H\u00f4tel Borj Dhiafa | S\u00e9jour \u00e0 Sfax, Tunisie\" \/>\n<meta property=\"og:description\" content=\"Contactez notre H\u00f4tel pour toute question, r\u00e9servation ou autres. D\u00e9couvrez nos h\u00e9bergements luxueux et notre hospitalit\u00e9 exceptionnelle \u00e0 Sfax, en Tunisie.\" \/>\n<meta property=\"og:url\" content=\"https:\/\/www.hotelborjdhiafa.com\/fr\/contact\/\" \/>\n<meta property=\"og:site_name\" content=\"H\u00f4tel Borj Dhiafa\" \/>\n<meta property=\"article:modified_time\" content=\"2024-08-09T09:00:06+00:00\" \/>\n<meta name=\"twitter:card\" content=\"summary_large_image\" \/>\n<meta name=\"twitter:label1\" content=\"Dur\u00e9e de lecture estim\u00e9e\" \/>\n\t<meta name=\"twitter:data1\" content=\"2 minutes\" \/>\n<script type=\"application\/ld+json\" class=\"yoast-schema-graph\">{\"@context\":\"https:\/\/schema.org\",\"@graph\":[{\"@type\":\"WebPage\",\"@id\":\"https:\/\/www.hotelborjdhiafa.com\/fr\/contact\/\",\"url\":\"https:\/\/www.hotelborjdhiafa.com\/fr\/contact\/\",\"name\":\"Contact H\u00f4tel Borj Dhiafa | S\u00e9jour \u00e0 Sfax, Tunisie\",\"isPartOf\":{\"@id\":\"https:\/\/www.hotelborjdhiafa.com\/#website\"},\"datePublished\":\"2018-10-19T14:50:17+00:00\",\"dateModified\":\"2024-08-09T09:00:06+00:00\",\"description\":\"Contactez notre H\u00f4tel pour toute question, r\u00e9servation ou autres. D\u00e9couvrez nos h\u00e9bergements luxueux et notre hospitalit\u00e9 exceptionnelle \u00e0 Sfax, en Tunisie.\",\"breadcrumb\":{\"@id\":\"https:\/\/www.hotelborjdhiafa.com\/fr\/contact\/#breadcrumb\"},\"inLanguage\":\"fr-FR\",\"potentialAction\":[{\"@type\":\"ReadAction\",\"target\":[\"https:\/\/www.hotelborjdhiafa.com\/fr\/contact\/\"]}]},{\"@type\":\"BreadcrumbList\",\"@id\":\"https:\/\/www.hotelborjdhiafa.com\/fr\/contact\/#breadcrumb\",\"itemListElement\":[{\"@type\":\"ListItem\",\"position\":1,\"name\":\"Home\",\"item\":\"https:\/\/www.hotelborjdhiafa.com\/fr\/\"},{\"@type\":\"ListItem\",\"position\":2,\"name\":\"Contact\"}]},{\"@type\":\"WebSite\",\"@id\":\"https:\/\/www.hotelborjdhiafa.com\/#website\",\"url\":\"https:\/\/www.hotelborjdhiafa.com\/\",\"name\":\"H\u00f4tel Borj Dhiafa\",\"description\":\"H\u00f4tel de charme\",\"potentialAction\":[{\"@type\":\"SearchAction\",\"target\":{\"@type\":\"EntryPoint\",\"urlTemplate\":\"https:\/\/www.hotelborjdhiafa.com\/?s={search_term_string}\"},\"query-input\":\"required name=search_term_string\"}],\"inLanguage\":\"fr-FR\"}]}<\/script>\n<!-- \/ Yoast SEO plugin. -->","yoast_head_json":{"title":"Contact H\u00f4tel Borj Dhiafa | S\u00e9jour \u00e0 Sfax, Tunisie","description":"Contactez notre H\u00f4tel pour toute question, r\u00e9servation ou autres. D\u00e9couvrez nos h\u00e9bergements luxueux et notre hospitalit\u00e9 exceptionnelle \u00e0 Sfax, en Tunisie.","robots":{"index":"index","follow":"follow","max-snippet":"max-snippet:-1","max-image-preview":"max-image-preview:large","max-video-preview":"max-video-preview:-1"},"canonical":"https:\/\/www.hotelborjdhiafa.com\/fr\/contact\/","og_locale":"fr_FR","og_type":"article","og_title":"Contact H\u00f4tel Borj Dhiafa | S\u00e9jour \u00e0 Sfax, Tunisie","og_description":"Contactez notre H\u00f4tel pour toute question, r\u00e9servation ou autres. D\u00e9couvrez nos h\u00e9bergements luxueux et notre hospitalit\u00e9 exceptionnelle \u00e0 Sfax, en Tunisie.","og_url":"https:\/\/www.hotelborjdhiafa.com\/fr\/contact\/","og_site_name":"H\u00f4tel Borj Dhiafa","article_modified_time":"2024-08-09T09:00:06+00:00","twitter_card":"summary_large_image","twitter_misc":{"Dur\u00e9e de lecture estim\u00e9e":"2 minutes"},"schema":{"@context":"https:\/\/schema.org","@graph":[{"@type":"WebPage","@id":"https:\/\/www.hotelborjdhiafa.com\/fr\/contact\/","url":"https:\/\/www.hotelborjdhiafa.com\/fr\/contact\/","name":"Contact H\u00f4tel Borj Dhiafa | S\u00e9jour \u00e0 Sfax, Tunisie","isPartOf":{"@id":"https:\/\/www.hotelborjdhiafa.com\/#website"},"datePublished":"2018-10-19T14:50:17+00:00","dateModified":"2024-08-09T09:00:06+00:00","description":"Contactez notre H\u00f4tel pour toute question, r\u00e9servation ou autres. D\u00e9couvrez nos h\u00e9bergements luxueux et notre hospitalit\u00e9 exceptionnelle \u00e0 Sfax, en Tunisie.","breadcrumb":{"@id":"https:\/\/www.hotelborjdhiafa.com\/fr\/contact\/#breadcrumb"},"inLanguage":"fr-FR","potentialAction":[{"@type":"ReadAction","target":["https:\/\/www.hotelborjdhiafa.com\/fr\/contact\/"]}]},{"@type":"BreadcrumbList","@id":"https:\/\/www.hotelborjdhiafa.com\/fr\/contact\/#breadcrumb","itemListElement":[{"@type":"ListItem","position":1,"name":"Home","item":"https:\/\/www.hotelborjdhiafa.com\/fr\/"},{"@type":"ListItem","position":2,"name":"Contact"}]},{"@type":"WebSite","@id":"https:\/\/www.hotelborjdhiafa.com\/#website","url":"https:\/\/www.hotelborjdhiafa.com\/","name":"H\u00f4tel Borj Dhiafa","description":"H\u00f4tel de charme","potentialAction":[{"@type":"SearchAction","target":{"@type":"EntryPoint","urlTemplate":"https:\/\/www.hotelborjdhiafa.com\/?s={search_term_string}"},"query-input":"required name=search_term_string"}],"inLanguage":"fr-FR"}]}},"_links":{"self":[{"href":"https:\/\/www.hotelborjdhiafa.com\/fr\/wp-json\/wp\/v2\/pages\/276","targetHints":{"allow":["GET"]}}],"collection":[{"href":"https:\/\/www.hotelborjdhiafa.com\/fr\/wp-json\/wp\/v2\/pages"}],"about":[{"href":"https:\/\/www.hotelborjdhiafa.com\/fr\/wp-json\/wp\/v2\/types\/page"}],"author":[{"embeddable":true,"href":"https:\/\/www.hotelborjdhiafa.com\/fr\/wp-json\/wp\/v2\/users\/1"}],"replies":[{"embeddable":true,"href":"https:\/\/www.hotelborjdhiafa.com\/fr\/wp-json\/wp\/v2\/comments?post=276"}],"version-history":[{"count":11,"href":"https:\/\/www.hotelborjdhiafa.com\/fr\/wp-json\/wp\/v2\/pages\/276\/revisions"}],"predecessor-version":[{"id":3739,"href":"https:\/\/www.hotelborjdhiafa.com\/fr\/wp-json\/wp\/v2\/pages\/276\/revisions\/3739"}],"wp:attachment":[{"href":"https:\/\/www.hotelborjdhiafa.com\/fr\/wp-json\/wp\/v2\/media?parent=276"}],"curies":[{"name":"wp","href":"https:\/\/api.w.org\/{rel}","templated":true}]}}