{"id":1555,"date":"2024-05-18T13:56:54","date_gmt":"2024-05-18T11:56:54","guid":{"rendered":"https:\/\/www.hotelborjdhiafa.com\/?page_id=1555"},"modified":"2024-07-30T11:20:50","modified_gmt":"2024-07-30T09:20:50","slug":"spa-pool","status":"publish","type":"page","link":"https:\/\/www.hotelborjdhiafa.com\/fr\/spa-pool\/","title":{"rendered":"SPA &#038; Pool"},"content":{"rendered":"<div class=\"wpb-content-wrapper\"><p>[vc_row full_width=&#8221;stretch_row&#8221; css=&#8221;.vc_custom_1716202972048{margin-top: -50px !important;margin-bottom: 0px !important;padding-bottom: 0px !important;background-image: url(https:\/\/www.hotelborjdhiafa.com\/wp-content\/uploads\/2018\/11\/p2.jpg?id=499) !important;background-position: 0 0 !important;background-repeat: repeat !important;}&#8221;][vc_column css_animation=&#8221;bottom-to-top&#8221; css=&#8221;.vc_custom_1541417170344{margin-top: 0px !important;margin-bottom: 0px !important;padding-top: 0px !important;padding-bottom: 0px !important;}&#8221;]<div id=\"fullwidth-block-69ef4829ea008\" class=\"fullwidth-block fullwidth-block-parallax-vertical clearfix\" data-mobile-parallax-enable=\"1\" style=\"padding-top: 150px;padding-bottom: 150px;\"><script type=\"text\/javascript\">if (typeof(gem_fix_fullwidth_position) == \"function\") { gem_fix_fullwidth_position(document.getElementById(\"fullwidth-block-69ef4829ea008\")); }<\/script><div class=\"fullwidth-block-inner\">[vc_column_text css_animation=&#8221;bottom-to-top&#8221;]<\/p>\n<div class=\"title-h5\" style=\"text-align: center;\"><\/div>\n<p>[\/vc_column_text]<div class=\"clearboth\"><\/div><style>#thegem-divider-69ef4829ea096 {margin-top: -100px !important;}<\/style><div id=\"thegem-divider-69ef4829ea096\" class=\"gem-divider  \" style=\"\" ><\/div>[vc_column_text css_animation=&#8221;bottom-to-top&#8221; el_class=&#8221;uppercase-disable&#8221;]<\/p>\n<div class=\"title-h1\" style=\"text-align: center;\">Oasis de S\u00e9r\u00e9nit\u00e9<\/div>\n<p>[\/vc_column_text]<div class=\"clearboth\"><\/div><style>#thegem-divider-69ef4829ea0c9 {margin-top: 35px !important;}<\/style><div id=\"thegem-divider-69ef4829ea0c9\" class=\"gem-divider  \" style=\"\" ><\/div>[vc_single_image image=&#8221;498&#8243; img_size=&#8221;full&#8221; alignment=&#8221;center&#8221;]<div class=\"clearboth\"><\/div><style>#thegem-divider-69ef4829ea0e4 {margin-top: 60px !important;}<\/style><div id=\"thegem-divider-69ef4829ea0e4\" class=\"gem-divider  \" style=\"\" ><\/div>[vc_column_text]<\/p>\n<p style=\"text-align: center; color: black;\">D\u00e9couvrez un v\u00e9ritable sanctuaire de bien-\u00eatre \u00e0 l&#8217;h\u00f4tel Borj Dhiafa Sfax. Plongez dans la s\u00e9r\u00e9nit\u00e9 de l&#8217;Aroma Spa,<br \/>\no\u00f9 des soins personnalis\u00e9s offerts par des th\u00e9rapeutes experts revitalisent votre corps et apaisent votre esprit.<br \/>\nCompl\u00e9tez votre exp\u00e9rience avec notre somptueuse piscine couverte, chauff\u00e9e \u00e0 la perfection<br \/>\net entour\u00e9e de transats \u00e9l\u00e9gants, pour une relaxation absolue sous un magnifique plafond vo\u00fbt\u00e9.<br \/>\nLaissez-vous envelopper par une ambiance zen et raffin\u00e9e, loin de l&#8217;agitation quotidienne.<\/p>\n<p>[\/vc_column_text]<\/div><\/div>[\/vc_column][\/vc_row][vc_row full_width=&#8221;stretch_row_content&#8221; equal_height=&#8221;yes&#8221; css=&#8221;.vc_custom_1590569723277{margin-bottom: 0px !important;}&#8221; custom_css_code=&#8221;JTQwbWVkaWElMjAlMjhtYXgtd2lkdGglM0ElMjAxMTk5cHglMjklN0IlMEElMjAlMjAlMjAlMjAlMjAlNDBpZC53cGJfcm93JTNFJTJBJTIwJTdCJTBBJTIwJTIwJTIwJTIwJTIwJTIwJTIwJTIwJTIwJTIwbWFyZ2luLXRvcCUzQSUyMDAlM0IlMEElMjAlMjAlMjAlMjAlMjAlN0QlMEElN0Q=&#8221;][vc_column width=&#8221;1\/2&#8243; css_animation=&#8221;fadeInLeft&#8221; css=&#8221;.vc_custom_1718358845583{background-image: url(https:\/\/www.hotelborjdhiafa.com\/wp-content\/uploads\/2024\/06\/hammam7-min.webp?id=2868) !important;background-position: center !important;background-repeat: no-repeat !important;background-size: cover !important;}&#8221;]<div class=\"clearboth\"><\/div><style>#thegem-divider-69ef4829ea10e {margin-top: 500px !important;}<\/style><div id=\"thegem-divider-69ef4829ea10e\" class=\"gem-divider  \" style=\"\" ><\/div>[\/vc_column][vc_column width=&#8221;1\/2&#8243; css_animation=&#8221;fadeInRight&#8221; disable_custom_paddings_tablet=&#8221;true&#8221; disable_custom_paddings_mobile=&#8221;true&#8221; css=&#8221;.vc_custom_1716195889141{padding-top: 75px !important;padding-left: 120px !important;background-color: #000000 !important;}&#8221;]<div class=\"clearboth\"><\/div><style>#thegem-divider-69ef4829ea12b {margin-top: 50px !important;}<\/style><div id=\"thegem-divider-69ef4829ea12b\" class=\"gem-divider  divider-hidden\" style=\"\" ><\/div>[vc_column_text css_animation=&#8221;bottom-to-top&#8221; css=&#8221;.vc_custom_1716195081936{margin-bottom: 20px !important;}&#8221;]<\/p>\n<div class=\"title-h2\" style=\"text-align: center;\"><span style=\"color: #ffffff;\">Centre de bien-\u00eatre <\/span><\/div>\n<p>[\/vc_column_text][vc_single_image image=&#8221;498&#8243; img_size=&#8221;full&#8221; alignment=&#8221;center&#8221;][vc_column_text css_animation=&#8221;bottom-to-top&#8221; css=&#8221;.vc_custom_1716195105511{margin-bottom: 20px !important;}&#8221;]<\/p>\n<div class=\"title-h6\" style=\"text-align: center;\"><\/div>\n<p>[\/vc_column_text][vc_column_text css_animation=&#8221;bottom-to-top&#8221;]<\/p>\n<div class=\"styled-subtitle\" style=\"text-align: center;\">\n<p><span style=\"color: #ffffff;\">\u00c9vadez-vous du quotidien \u00e0 l&#8217;Aroma Spa de l\u2019h\u00f4tel Borj Dhiafa Sfax. Loin de l\u2019agitation urbaine, ce havre de paix offre des soins personnalis\u00e9s par des th\u00e9rapeutes experts pour revitaliser corps et esprit. Profitez de nos installations modernes et de notre ambiance apaisante pour une d\u00e9tente absolue et une exp\u00e9rience inoubliable.<br \/>\n<\/span><\/div>\n<p>[\/vc_column_text]<div class=\"clearboth\"><\/div><style>#thegem-divider-69ef4829ea144 {margin-top: 35px !important;}<\/style><div id=\"thegem-divider-69ef4829ea144\" class=\"gem-divider  \" style=\"\" ><\/div><div class=\"clearboth\"><\/div><style>#thegem-divider-69ef4829ea15d {margin-top: 55px !important;}<\/style><div id=\"thegem-divider-69ef4829ea15d\" class=\"gem-divider  \" style=\"\" ><\/div><style type=\"text\/css\">.thegem-button-69ef4829ea2288681.lazy-loading-before-start-animation .lazy-loading-item {opacity: 0;} body.thegem-effects-disabled .thegem-button-69ef4829ea2288681.lazy-loading-before-start-animation .lazy-loading-item {opacity: 1;}<\/style><style type=\"text\/css\">.thegem-button-69ef4829ea2288681 .gem-button svg {fill: #cb9734;}.thegem-button-69ef4829ea2288681 .gem-button:hover svg {fill: #323236;}<\/style><div class=\"gem-button-container gem-button-position-center thegem-button-69ef4829ea2288681     lazy-loading lazy-loading-before-start-animation\"  ><a class=\"gem-button gem-button-size-medium gem-button-style-outline gem-button-text-weight-normal gem-button-border-3 lazy-loading-item\" data-ll-effect=\"drop-right-without-wrap\" style=\"border-radius: 6px;border-color: #cb9734;color: #cb9734;\" onmouseleave=\"this.style.borderColor='#cb9734';this.style.backgroundColor='transparent';this.style.color='#cb9734';\" onmouseenter=\"this.style.backgroundColor='#cb9734';this.style.color='#323236';\" href=\"https:\/\/www.hotelborjdhiafa.com\/fr\/galerie\/\" target=\"_self\">Voir galerie<\/a><\/div> <div class=\"clearboth\"><\/div><style>#thegem-divider-69ef4829ea26f {margin-top: 95px !important;}<\/style><div id=\"thegem-divider-69ef4829ea26f\" class=\"gem-divider  \" style=\"\" ><\/div>[\/vc_column][\/vc_row][vc_row full_width=&#8221;stretch_row_content&#8221; equal_height=&#8221;yes&#8221; el_disable_tablet=&#8221;1&#8243; el_disable_mobile=&#8221;1&#8243; css=&#8221;.vc_custom_1717067656579{margin-bottom: 0px !important;}&#8221; custom_css_code=&#8221;JTQwbWVkaWElMjAlMjhtYXgtd2lkdGglM0ElMjAxMTk5cHglMjklN0IlMEElMjAlMjAlMjAlMjAlMjAlNDBpZC53cGJfcm93JTNFJTJBJTIwJTdCJTBBJTIwJTIwJTIwJTIwJTIwJTIwJTIwJTIwJTIwJTIwbWFyZ2luLXRvcCUzQSUyMDAlM0IlMEElMjAlMjAlMjAlMjAlMjAlN0QlMEElN0Q=&#8221;][vc_column width=&#8221;1\/2&#8243; css_animation=&#8221;fadeInLeft&#8221; disable_custom_paddings_tablet=&#8221;true&#8221; disable_custom_paddings_mobile=&#8221;true&#8221; css=&#8221;.vc_custom_1716195899142{padding-top: 75px !important;padding-left: 120px !important;background-color: #000000 !important;}&#8221;]<div class=\"clearboth\"><\/div><style>#thegem-divider-69ef4829ea28a {margin-top: 50px !important;}<\/style><div id=\"thegem-divider-69ef4829ea28a\" class=\"gem-divider  divider-hidden\" style=\"\" ><\/div>[vc_column_text css_animation=&#8221;bottom-to-top&#8221; css=&#8221;.vc_custom_1716195273705{margin-bottom: 20px !important;}&#8221;]<\/p>\n<div class=\"title-h2\" style=\"text-align: center;\"><span style=\"color: #ffffff;\">Piscine Couverte<br \/>\n<\/span><\/div>\n<p>[\/vc_column_text][vc_single_image image=&#8221;498&#8243; img_size=&#8221;full&#8221; alignment=&#8221;center&#8221;][vc_column_text css_animation=&#8221;bottom-to-top&#8221; css=&#8221;.vc_custom_1716195284928{margin-bottom: 20px !important;}&#8221;]<\/p>\n<div class=\"title-h6\" style=\"text-align: center;\"><span style=\"color: #ffffff;\">\u00a0<\/span><\/div>\n<p>[\/vc_column_text][vc_column_text css_animation=&#8221;bottom-to-top&#8221;]<\/p>\n<div class=\"styled-subtitle\" style=\"text-align: center;\"><span style=\"color: #ffffff;\">Plongez dans une oasis de s\u00e9r\u00e9nit\u00e9 avec notre somptueuse piscine couverte \u00e0 l\u2019H\u00f4tel Borj Dhiafa. Immergez-vous dans une eau cristalline, chauff\u00e9e \u00e0 la perfection, sous un plafond vo\u00fbt\u00e9 magnifiquement orn\u00e9 et baign\u00e9 de lumi\u00e8re douce. Les transats \u00e9l\u00e9gants et l&#8217;ambiance zen cr\u00e9ent un v\u00e9ritable sanctuaire de bien-\u00eatre, id\u00e9al pour se ressourcer, que ce soit pour nager, se d\u00e9tendre apr\u00e8s une journ\u00e9e d&#8217;exploration, ou partager des moments pr\u00e9cieux avec vos proches.<br \/>\n<\/span><\/div>\n<p>[\/vc_column_text]<div class=\"clearboth\"><\/div><style>#thegem-divider-69ef4829ea2a1 {margin-top: 35px !important;}<\/style><div id=\"thegem-divider-69ef4829ea2a1\" class=\"gem-divider  \" style=\"\" ><\/div><div class=\"clearboth\"><\/div><style>#thegem-divider-69ef4829ea2b6 {margin-top: 55px !important;}<\/style><div id=\"thegem-divider-69ef4829ea2b6\" class=\"gem-divider  \" style=\"\" ><\/div><style type=\"text\/css\">.thegem-button-69ef4829ea332934.lazy-loading-before-start-animation .lazy-loading-item {opacity: 0;} body.thegem-effects-disabled .thegem-button-69ef4829ea332934.lazy-loading-before-start-animation .lazy-loading-item {opacity: 1;}<\/style><style type=\"text\/css\">.thegem-button-69ef4829ea332934 .gem-button svg {fill: #cb9734;}.thegem-button-69ef4829ea332934 .gem-button:hover svg {fill: #323236;}<\/style><div class=\"gem-button-container gem-button-position-center thegem-button-69ef4829ea332934     lazy-loading lazy-loading-before-start-animation\"  ><a class=\"gem-button gem-button-size-medium gem-button-style-outline gem-button-text-weight-normal gem-button-border-3 lazy-loading-item\" data-ll-effect=\"drop-right-without-wrap\" style=\"border-radius: 6px;border-color: #cb9734;color: #cb9734;\" onmouseleave=\"this.style.borderColor='#cb9734';this.style.backgroundColor='transparent';this.style.color='#cb9734';\" onmouseenter=\"this.style.backgroundColor='#cb9734';this.style.color='#323236';\" href=\"https:\/\/www.hotelborjdhiafa.com\/fr\/galerie\/\" target=\"_self\">Voir galerie<\/a><\/div> <div class=\"clearboth\"><\/div><style>#thegem-divider-69ef4829ea367 {margin-top: 95px !important;}<\/style><div id=\"thegem-divider-69ef4829ea367\" class=\"gem-divider  \" style=\"\" ><\/div>[\/vc_column][vc_column width=&#8221;1\/2&#8243; css_animation=&#8221;fadeInRight&#8221; css=&#8221;.vc_custom_1716196277773{background-image: url(https:\/\/www.hotelborjdhiafa.com\/wp-content\/uploads\/2024\/05\/borj-dhiafa-1.jpg?id=1565) !important;background-position: center !important;background-repeat: no-repeat !important;background-size: cover !important;}&#8221;]<div class=\"clearboth\"><\/div><style>#thegem-divider-69ef4829ea385 {margin-top: 500px !important;}<\/style><div id=\"thegem-divider-69ef4829ea385\" class=\"gem-divider  \" style=\"\" ><\/div>[\/vc_column][\/vc_row][vc_row full_width=&#8221;stretch_row_content&#8221; equal_height=&#8221;yes&#8221; el_disable_desktop=&#8221;1&#8243; css=&#8221;.vc_custom_1717067666693{margin-bottom: 0px !important;}&#8221; custom_css_code=&#8221;JTQwbWVkaWElMjAlMjhtYXgtd2lkdGglM0ElMjAxMTk5cHglMjklN0IlMEElMjAlMjAlMjAlMjAlMjAlNDBpZC53cGJfcm93JTNFJTJBJTIwJTdCJTBBJTIwJTIwJTIwJTIwJTIwJTIwJTIwJTIwJTIwJTIwbWFyZ2luLXRvcCUzQSUyMDAlM0IlMEElMjAlMjAlMjAlMjAlMjAlN0QlMEElN0Q=&#8221;][vc_column width=&#8221;1\/2&#8243; css_animation=&#8221;fadeInRight&#8221; css=&#8221;.vc_custom_1716196277773{background-image: url(https:\/\/www.hotelborjdhiafa.com\/wp-content\/uploads\/2024\/05\/borj-dhiafa-1.jpg?id=1565) !important;background-position: center !important;background-repeat: no-repeat !important;background-size: cover !important;}&#8221;]<div class=\"clearboth\"><\/div><style>#thegem-divider-69ef4829ea39c {margin-top: 500px !important;}<\/style><div id=\"thegem-divider-69ef4829ea39c\" class=\"gem-divider  \" style=\"\" ><\/div>[\/vc_column][vc_column width=&#8221;1\/2&#8243; css_animation=&#8221;fadeInLeft&#8221; disable_custom_paddings_tablet=&#8221;true&#8221; disable_custom_paddings_mobile=&#8221;true&#8221; css=&#8221;.vc_custom_1716195899142{padding-top: 75px !important;padding-left: 120px !important;background-color: #000000 !important;}&#8221;]<div class=\"clearboth\"><\/div><style>#thegem-divider-69ef4829ea3b4 {margin-top: 50px !important;}<\/style><div id=\"thegem-divider-69ef4829ea3b4\" class=\"gem-divider  divider-hidden\" style=\"\" ><\/div>[vc_column_text css_animation=&#8221;bottom-to-top&#8221; css=&#8221;.vc_custom_1716195273705{margin-bottom: 20px !important;}&#8221;]<\/p>\n<div class=\"title-h2\" style=\"text-align: center;\"><span style=\"color: #ffffff;\">Piscine Couverte<br \/>\n<\/span><\/div>\n<p>[\/vc_column_text][vc_single_image image=&#8221;498&#8243; img_size=&#8221;full&#8221; alignment=&#8221;center&#8221;][vc_column_text css_animation=&#8221;bottom-to-top&#8221; css=&#8221;.vc_custom_1716195284928{margin-bottom: 20px !important;}&#8221;]<\/p>\n<div class=\"title-h6\" style=\"text-align: center;\"><span style=\"color: #ffffff;\">\u00a0<\/span><\/div>\n<p>[\/vc_column_text][vc_column_text css_animation=&#8221;bottom-to-top&#8221;]<\/p>\n<div class=\"styled-subtitle\" style=\"text-align: center;\"><span style=\"color: #ffffff;\">Plongez dans une oasis de s\u00e9r\u00e9nit\u00e9 avec notre somptueuse piscine couverte \u00e0 l\u2019H\u00f4tel Borj Dhiafa. Immergez-vous dans une eau cristalline, chauff\u00e9e \u00e0 la perfection, sous un plafond vo\u00fbt\u00e9 magnifiquement orn\u00e9 et baign\u00e9 de lumi\u00e8re douce. Les transats \u00e9l\u00e9gants et l&#8217;ambiance zen cr\u00e9ent un v\u00e9ritable sanctuaire de bien-\u00eatre, id\u00e9al pour se ressourcer, que ce soit pour nager, se d\u00e9tendre apr\u00e8s une journ\u00e9e d&#8217;exploration, ou partager des moments pr\u00e9cieux avec vos proches.<br \/>\n<\/span><\/div>\n<p>[\/vc_column_text]<div class=\"clearboth\"><\/div><style>#thegem-divider-69ef4829ea3d2 {margin-top: 35px !important;}<\/style><div id=\"thegem-divider-69ef4829ea3d2\" class=\"gem-divider  \" style=\"\" ><\/div><div class=\"clearboth\"><\/div><style>#thegem-divider-69ef4829ea3e8 {margin-top: 55px !important;}<\/style><div id=\"thegem-divider-69ef4829ea3e8\" class=\"gem-divider  \" style=\"\" ><\/div><style type=\"text\/css\">.thegem-button-69ef4829ea46b959.lazy-loading-before-start-animation .lazy-loading-item {opacity: 0;} body.thegem-effects-disabled .thegem-button-69ef4829ea46b959.lazy-loading-before-start-animation .lazy-loading-item {opacity: 1;}<\/style><style type=\"text\/css\">.thegem-button-69ef4829ea46b959 .gem-button svg {fill: #cb9734;}.thegem-button-69ef4829ea46b959 .gem-button:hover svg {fill: #323236;}<\/style><div class=\"gem-button-container gem-button-position-center thegem-button-69ef4829ea46b959     lazy-loading lazy-loading-before-start-animation\"  ><a class=\"gem-button gem-button-size-medium gem-button-style-outline gem-button-text-weight-normal gem-button-border-3 lazy-loading-item\" data-ll-effect=\"drop-right-without-wrap\" style=\"border-radius: 6px;border-color: #cb9734;color: #cb9734;\" onmouseleave=\"this.style.borderColor='#cb9734';this.style.backgroundColor='transparent';this.style.color='#cb9734';\" onmouseenter=\"this.style.backgroundColor='#cb9734';this.style.color='#323236';\" href=\"https:\/\/www.hotelborjdhiafa.com\/fr\/galerie\/\" target=\"_self\">Voir galerie<\/a><\/div> <div class=\"clearboth\"><\/div><style>#thegem-divider-69ef4829ea49e {margin-top: 95px !important;}<\/style><div id=\"thegem-divider-69ef4829ea49e\" class=\"gem-divider  \" style=\"\" ><\/div>[\/vc_column][\/vc_row]<\/p>\n<\/div>","protected":false},"excerpt":{"rendered":"<p>[vc_row full_width=&#8221;stretch_row&#8221; css=&#8221;.vc_custom_1716202972048{margin-top: -50px !important;margin-bottom: 0px !important;padding-bottom: 0px !important;background-image: url(https:\/\/www.hotelborjdhiafa.com\/wp-content\/uploads\/2018\/11\/p2.jpg?id=499) !important;background-position: 0 0 !important;background-repeat: repeat !important;}&#8221;][vc_column css_animation=&#8221;bottom-to-top&#8221; css=&#8221;.vc_custom_1541417170344{margin-top: 0px !important;margin-bottom:&#8230;<\/p>\n","protected":false},"author":1,"featured_media":0,"parent":0,"menu_order":0,"comment_status":"closed","ping_status":"closed","template":"","meta":{"footnotes":""},"class_list":["post-1555","page","type-page","status-publish"],"yoast_head":"<!-- This site is optimized with the Yoast SEO plugin v23.1 - https:\/\/yoast.com\/wordpress\/plugins\/seo\/ -->\n<title>Aroma Spa &amp; piscine couverte | Oasis de S\u00e9r\u00e9nit\u00e9 \u00e0 Sfax<\/title>\n<meta name=\"description\" content=\"L&#039;Aroma Spa et la piscine int\u00e9rieure chauff\u00e9e de l&#039;h\u00f4tel Borj Dhiafa \u00e0 Sfax vous permettront de vous \u00e9vader. R\u00e9servez votre h\u00e9bergement d\u00e8s maintenant !\" \/>\n<meta name=\"robots\" content=\"index, follow, max-snippet:-1, max-image-preview:large, max-video-preview:-1\" \/>\n<link rel=\"canonical\" href=\"https:\/\/www.hotelborjdhiafa.com\/fr\/spa-pool\/\" \/>\n<meta property=\"og:locale\" content=\"fr_FR\" \/>\n<meta property=\"og:type\" content=\"article\" \/>\n<meta property=\"og:title\" content=\"Aroma Spa &amp; piscine couverte | Oasis de S\u00e9r\u00e9nit\u00e9 \u00e0 Sfax\" \/>\n<meta property=\"og:description\" content=\"L&#039;Aroma Spa et la piscine int\u00e9rieure chauff\u00e9e de l&#039;h\u00f4tel Borj Dhiafa \u00e0 Sfax vous permettront de vous \u00e9vader. R\u00e9servez votre h\u00e9bergement d\u00e8s maintenant !\" \/>\n<meta property=\"og:url\" content=\"https:\/\/www.hotelborjdhiafa.com\/fr\/spa-pool\/\" \/>\n<meta property=\"og:site_name\" content=\"H\u00f4tel Borj Dhiafa\" \/>\n<meta property=\"article:modified_time\" content=\"2024-07-30T09:20:50+00:00\" \/>\n<meta name=\"twitter:card\" content=\"summary_large_image\" \/>\n<meta name=\"twitter:label1\" content=\"Dur\u00e9e de lecture estim\u00e9e\" \/>\n\t<meta name=\"twitter:data1\" content=\"3 minutes\" \/>\n<script type=\"application\/ld+json\" class=\"yoast-schema-graph\">{\"@context\":\"https:\/\/schema.org\",\"@graph\":[{\"@type\":\"WebPage\",\"@id\":\"https:\/\/www.hotelborjdhiafa.com\/fr\/spa-pool\/\",\"url\":\"https:\/\/www.hotelborjdhiafa.com\/fr\/spa-pool\/\",\"name\":\"Aroma Spa & piscine couverte | Oasis de S\u00e9r\u00e9nit\u00e9 \u00e0 Sfax\",\"isPartOf\":{\"@id\":\"https:\/\/www.hotelborjdhiafa.com\/#website\"},\"datePublished\":\"2024-05-18T11:56:54+00:00\",\"dateModified\":\"2024-07-30T09:20:50+00:00\",\"description\":\"L'Aroma Spa et la piscine int\u00e9rieure chauff\u00e9e de l'h\u00f4tel Borj Dhiafa \u00e0 Sfax vous permettront de vous \u00e9vader. R\u00e9servez votre h\u00e9bergement d\u00e8s maintenant !\",\"breadcrumb\":{\"@id\":\"https:\/\/www.hotelborjdhiafa.com\/fr\/spa-pool\/#breadcrumb\"},\"inLanguage\":\"fr-FR\",\"potentialAction\":[{\"@type\":\"ReadAction\",\"target\":[\"https:\/\/www.hotelborjdhiafa.com\/fr\/spa-pool\/\"]}]},{\"@type\":\"BreadcrumbList\",\"@id\":\"https:\/\/www.hotelborjdhiafa.com\/fr\/spa-pool\/#breadcrumb\",\"itemListElement\":[{\"@type\":\"ListItem\",\"position\":1,\"name\":\"Home\",\"item\":\"https:\/\/www.hotelborjdhiafa.com\/fr\/\"},{\"@type\":\"ListItem\",\"position\":2,\"name\":\"SPA &#038; Pool\"}]},{\"@type\":\"WebSite\",\"@id\":\"https:\/\/www.hotelborjdhiafa.com\/#website\",\"url\":\"https:\/\/www.hotelborjdhiafa.com\/\",\"name\":\"H\u00f4tel Borj Dhiafa\",\"description\":\"H\u00f4tel de charme\",\"potentialAction\":[{\"@type\":\"SearchAction\",\"target\":{\"@type\":\"EntryPoint\",\"urlTemplate\":\"https:\/\/www.hotelborjdhiafa.com\/?s={search_term_string}\"},\"query-input\":\"required name=search_term_string\"}],\"inLanguage\":\"fr-FR\"}]}<\/script>\n<!-- \/ Yoast SEO plugin. -->","yoast_head_json":{"title":"Aroma Spa & piscine couverte | Oasis de S\u00e9r\u00e9nit\u00e9 \u00e0 Sfax","description":"L'Aroma Spa et la piscine int\u00e9rieure chauff\u00e9e de l'h\u00f4tel Borj Dhiafa \u00e0 Sfax vous permettront de vous \u00e9vader. R\u00e9servez votre h\u00e9bergement d\u00e8s maintenant !","robots":{"index":"index","follow":"follow","max-snippet":"max-snippet:-1","max-image-preview":"max-image-preview:large","max-video-preview":"max-video-preview:-1"},"canonical":"https:\/\/www.hotelborjdhiafa.com\/fr\/spa-pool\/","og_locale":"fr_FR","og_type":"article","og_title":"Aroma Spa & piscine couverte | Oasis de S\u00e9r\u00e9nit\u00e9 \u00e0 Sfax","og_description":"L'Aroma Spa et la piscine int\u00e9rieure chauff\u00e9e de l'h\u00f4tel Borj Dhiafa \u00e0 Sfax vous permettront de vous \u00e9vader. R\u00e9servez votre h\u00e9bergement d\u00e8s maintenant !","og_url":"https:\/\/www.hotelborjdhiafa.com\/fr\/spa-pool\/","og_site_name":"H\u00f4tel Borj Dhiafa","article_modified_time":"2024-07-30T09:20:50+00:00","twitter_card":"summary_large_image","twitter_misc":{"Dur\u00e9e de lecture estim\u00e9e":"3 minutes"},"schema":{"@context":"https:\/\/schema.org","@graph":[{"@type":"WebPage","@id":"https:\/\/www.hotelborjdhiafa.com\/fr\/spa-pool\/","url":"https:\/\/www.hotelborjdhiafa.com\/fr\/spa-pool\/","name":"Aroma Spa & piscine couverte | Oasis de S\u00e9r\u00e9nit\u00e9 \u00e0 Sfax","isPartOf":{"@id":"https:\/\/www.hotelborjdhiafa.com\/#website"},"datePublished":"2024-05-18T11:56:54+00:00","dateModified":"2024-07-30T09:20:50+00:00","description":"L'Aroma Spa et la piscine int\u00e9rieure chauff\u00e9e de l'h\u00f4tel Borj Dhiafa \u00e0 Sfax vous permettront de vous \u00e9vader. R\u00e9servez votre h\u00e9bergement d\u00e8s maintenant !","breadcrumb":{"@id":"https:\/\/www.hotelborjdhiafa.com\/fr\/spa-pool\/#breadcrumb"},"inLanguage":"fr-FR","potentialAction":[{"@type":"ReadAction","target":["https:\/\/www.hotelborjdhiafa.com\/fr\/spa-pool\/"]}]},{"@type":"BreadcrumbList","@id":"https:\/\/www.hotelborjdhiafa.com\/fr\/spa-pool\/#breadcrumb","itemListElement":[{"@type":"ListItem","position":1,"name":"Home","item":"https:\/\/www.hotelborjdhiafa.com\/fr\/"},{"@type":"ListItem","position":2,"name":"SPA &#038; Pool"}]},{"@type":"WebSite","@id":"https:\/\/www.hotelborjdhiafa.com\/#website","url":"https:\/\/www.hotelborjdhiafa.com\/","name":"H\u00f4tel Borj Dhiafa","description":"H\u00f4tel de charme","potentialAction":[{"@type":"SearchAction","target":{"@type":"EntryPoint","urlTemplate":"https:\/\/www.hotelborjdhiafa.com\/?s={search_term_string}"},"query-input":"required name=search_term_string"}],"inLanguage":"fr-FR"}]}},"_links":{"self":[{"href":"https:\/\/www.hotelborjdhiafa.com\/fr\/wp-json\/wp\/v2\/pages\/1555","targetHints":{"allow":["GET"]}}],"collection":[{"href":"https:\/\/www.hotelborjdhiafa.com\/fr\/wp-json\/wp\/v2\/pages"}],"about":[{"href":"https:\/\/www.hotelborjdhiafa.com\/fr\/wp-json\/wp\/v2\/types\/page"}],"author":[{"embeddable":true,"href":"https:\/\/www.hotelborjdhiafa.com\/fr\/wp-json\/wp\/v2\/users\/1"}],"replies":[{"embeddable":true,"href":"https:\/\/www.hotelborjdhiafa.com\/fr\/wp-json\/wp\/v2\/comments?post=1555"}],"version-history":[{"count":25,"href":"https:\/\/www.hotelborjdhiafa.com\/fr\/wp-json\/wp\/v2\/pages\/1555\/revisions"}],"predecessor-version":[{"id":3062,"href":"https:\/\/www.hotelborjdhiafa.com\/fr\/wp-json\/wp\/v2\/pages\/1555\/revisions\/3062"}],"wp:attachment":[{"href":"https:\/\/www.hotelborjdhiafa.com\/fr\/wp-json\/wp\/v2\/media?parent=1555"}],"curies":[{"name":"wp","href":"https:\/\/api.w.org\/{rel}","templated":true}]}}