{"id":1547,"date":"2024-05-18T13:55:32","date_gmt":"2024-05-18T11:55:32","guid":{"rendered":"https:\/\/www.hotelborjdhiafa.com\/?page_id=1547"},"modified":"2024-07-30T11:17:34","modified_gmt":"2024-07-30T09:17:34","slug":"bar-lounge","status":"publish","type":"page","link":"https:\/\/www.hotelborjdhiafa.com\/fr\/bar-lounge\/","title":{"rendered":"Bar &#038; Lounge"},"content":{"rendered":"<div class=\"wpb-content-wrapper\"><p>[vc_row full_width=&#8221;stretch_row&#8221; css=&#8221;.vc_custom_1716279466867{margin-bottom: 0px !important;padding-top: 0px !important;padding-bottom: 0px !important;background-image: url(https:\/\/www.hotelborjdhiafa.com\/wp-content\/uploads\/2018\/11\/p2.jpg?id=499) !important;background-position: 0 0 !important;background-repeat: repeat !important;}&#8221;][vc_column css_animation=&#8221;bottom-to-top&#8221; css=&#8221;.vc_custom_1541417170344{margin-top: 0px !important;margin-bottom: 0px !important;padding-top: 0px !important;padding-bottom: 0px !important;}&#8221;]<div id=\"fullwidth-block-69dffa16b57cf\" class=\"fullwidth-block fullwidth-block-parallax-vertical clearfix\" data-mobile-parallax-enable=\"1\" style=\"padding-bottom: 150px;\"><script type=\"text\/javascript\">if (typeof(gem_fix_fullwidth_position) == \"function\") { gem_fix_fullwidth_position(document.getElementById(\"fullwidth-block-69dffa16b57cf\")); }<\/script><div class=\"fullwidth-block-inner\">[vc_column_text css_animation=&#8221;bottom-to-top&#8221;]<\/p>\n<div class=\"title-h5\" style=\"text-align: center;\"><\/div>\n<p>[\/vc_column_text]<div class=\"clearboth\"><\/div><style>#thegem-divider-69dffa16b58bb {margin-top: -20px !important;}<\/style><div id=\"thegem-divider-69dffa16b58bb\" class=\"gem-divider  \" style=\"\" ><\/div>[vc_column_text css_animation=&#8221;bottom-to-top&#8221; el_class=&#8221;uppercase-disable&#8221;]<\/p>\n<div class=\"title-h1\" style=\"text-align: center;\">\u00c9vasion Enchant\u00e9e<\/div>\n<p>[\/vc_column_text]<div class=\"clearboth\"><\/div><style>#thegem-divider-69dffa16b58f3 {margin-top: 35px !important;}<\/style><div id=\"thegem-divider-69dffa16b58f3\" class=\"gem-divider  \" style=\"\" ><\/div>[vc_single_image image=&#8221;498&#8243; img_size=&#8221;full&#8221; alignment=&#8221;center&#8221;]<div class=\"clearboth\"><\/div><style>#thegem-divider-69dffa16b591b {margin-top: 60px !important;}<\/style><div id=\"thegem-divider-69dffa16b591b\" class=\"gem-divider  \" style=\"\" ><\/div>[vc_column_text css=&#8221;.vc_custom_1718697746212{padding-right: 10px !important;padding-left: 10px !important;}&#8221;]<\/p>\n<p style=\"text-align: center; color: black;\">D\u00e9couvrez le charme sophistiqu\u00e9 du Bar &amp; Lounge de l&#8217;H\u00f4tel Borj Dhiafa, o\u00f9 chaque soir\u00e9e se transforme en une symphonie de saveurs et de d\u00e9tente.<br \/>\nPlongez dans une ambiance feutr\u00e9e, entour\u00e9s de lumi\u00e8res tamis\u00e9es et de m\u00e9lodies envo\u00fbtantes.<br \/>\nVenez vivre une exp\u00e9rience inoubliable o\u00f9 le temps s&#8217;arr\u00eate et les plaisirs prennent vie !<\/p>\n<p>[\/vc_column_text]<\/div><\/div>[\/vc_column][\/vc_row][vc_row full_width=&#8221;stretch_row_content&#8221; equal_height=&#8221;yes&#8221; css=&#8221;.vc_custom_1590569723277{margin-bottom: 0px !important;}&#8221; custom_css_code=&#8221;JTQwbWVkaWElMjAlMjhtYXgtd2lkdGglM0ElMjAxMTk5cHglMjklN0IlMEElMjAlMjAlMjAlMjAlMjAlNDBpZC53cGJfcm93JTNFJTJBJTIwJTdCJTBBJTIwJTIwJTIwJTIwJTIwJTIwJTIwJTIwJTIwJTIwbWFyZ2luLXRvcCUzQSUyMDAlM0IlMEElMjAlMjAlMjAlMjAlMjAlN0QlMEElN0Q=&#8221;][vc_column width=&#8221;1\/2&#8243; css_animation=&#8221;fadeInLeft&#8221; css=&#8221;.vc_custom_1718018054741{background-image: url(https:\/\/www.hotelborjdhiafa.com\/wp-content\/uploads\/2024\/06\/292861534.webp?id=2859) !important;background-position: center !important;background-repeat: no-repeat !important;background-size: cover !important;}&#8221;]<div class=\"clearboth\"><\/div><style>#thegem-divider-69dffa16b595c {margin-top: 500px !important;}<\/style><div id=\"thegem-divider-69dffa16b595c\" class=\"gem-divider  \" style=\"\" ><\/div>[\/vc_column][vc_column width=&#8221;1\/2&#8243; css_animation=&#8221;fadeInRight&#8221; disable_custom_paddings_tablet=&#8221;true&#8221; disable_custom_paddings_mobile=&#8221;true&#8221; css=&#8221;.vc_custom_1716282790585{padding-top: 75px !important;padding-left: 120px !important;background-color: #000000 !important;}&#8221;]<div class=\"clearboth\"><\/div><style>#thegem-divider-69dffa16b598c {margin-top: 50px !important;}<\/style><div id=\"thegem-divider-69dffa16b598c\" class=\"gem-divider  divider-hidden\" style=\"\" ><\/div>[vc_column_text css_animation=&#8221;bottom-to-top&#8221; css=&#8221;.vc_custom_1718208578529{margin-bottom: 20px !important;}&#8221;]<\/p>\n<div class=\"title-h2\" style=\"text-align: center;\"><span style=\"color: #ffffff;\">Bar El skifa<br \/>\n<\/span><\/div>\n<p>[\/vc_column_text][vc_single_image image=&#8221;498&#8243; img_size=&#8221;full&#8221; alignment=&#8221;center&#8221;][vc_column_text css_animation=&#8221;bottom-to-top&#8221; css=&#8221;.vc_custom_1716212204748{margin-bottom: 20px !important;}&#8221;]<\/p>\n<div class=\"title-h6\" style=\"text-align: center;\"><span style=\"color: #ffffff;\"><strong>Horaires d&#8217;ouverture :<\/strong> 08h00 &#8211; 00h00 <\/span><\/div>\n<p>[\/vc_column_text][vc_column_text css_animation=&#8221;bottom-to-top&#8221;]<\/p>\n<div class=\"styled-subtitle\" style=\"text-align: center;\"><span style=\"color: #ffffff;\">Le bar El Skifa de l\u2019H\u00f4tel Borj Dhiafa de Sfax offre un cadre \u00e9l\u00e9gant et sophistiqu\u00e9. Que vous soyez seul ou accompagn\u00e9, cet endroit est id\u00e9al pour vos pauses caf\u00e9 ou pour prendre un verre.<\/span><\/div>\n<p>[\/vc_column_text]<div class=\"clearboth\"><\/div><style>#thegem-divider-69dffa16b59b6 {margin-top: 35px !important;}<\/style><div id=\"thegem-divider-69dffa16b59b6\" class=\"gem-divider  \" style=\"\" ><\/div><div class=\"clearboth\"><\/div><style>#thegem-divider-69dffa16b59e3 {margin-top: 55px !important;}<\/style><div id=\"thegem-divider-69dffa16b59e3\" class=\"gem-divider  \" style=\"\" ><\/div><style type=\"text\/css\">.thegem-button-69dffa16b5b227177.lazy-loading-before-start-animation .lazy-loading-item {opacity: 0;} body.thegem-effects-disabled .thegem-button-69dffa16b5b227177.lazy-loading-before-start-animation .lazy-loading-item {opacity: 1;}<\/style><style type=\"text\/css\">.thegem-button-69dffa16b5b227177 .gem-button svg {fill: #cb9734;}.thegem-button-69dffa16b5b227177 .gem-button:hover svg {fill: #323236;}<\/style><div class=\"gem-button-container gem-button-position-center thegem-button-69dffa16b5b227177     lazy-loading lazy-loading-before-start-animation\"  ><a class=\"gem-button gem-button-size-medium gem-button-style-outline gem-button-text-weight-normal gem-button-border-3 lazy-loading-item\" data-ll-effect=\"drop-right-without-wrap\" style=\"border-radius: 6px;border-color: #cb9734;color: #cb9734;\" onmouseleave=\"this.style.borderColor='#cb9734';this.style.backgroundColor='transparent';this.style.color='#cb9734';\" onmouseenter=\"this.style.backgroundColor='#cb9734';this.style.color='#323236';\" href=\"https:\/\/www.hotelborjdhiafa.com\/fr\/galerie\/\" target=\"_self\">Voir galerie<\/a><\/div> <div class=\"clearboth\"><\/div><style>#thegem-divider-69dffa16b5b9a {margin-top: 95px !important;}<\/style><div id=\"thegem-divider-69dffa16b5b9a\" class=\"gem-divider  \" style=\"\" ><\/div>[\/vc_column][\/vc_row][vc_row full_width=&#8221;stretch_row_content&#8221; equal_height=&#8221;yes&#8221; el_disable_tablet=&#8221;1&#8243; el_disable_mobile=&#8221;1&#8243; css=&#8221;.vc_custom_1717067506762{margin-bottom: 0px !important;}&#8221; custom_css_code=&#8221;JTQwbWVkaWElMjAlMjhtYXgtd2lkdGglM0ElMjAxMTk5cHglMjklN0IlMEElMjAlMjAlMjAlMjAlMjAlNDBpZC53cGJfcm93JTNFJTJBJTIwJTdCJTBBJTIwJTIwJTIwJTIwJTIwJTIwJTIwJTIwJTIwJTIwbWFyZ2luLXRvcCUzQSUyMDAlM0IlMEElMjAlMjAlMjAlMjAlMjAlN0QlMEElN0Q=&#8221;][vc_column width=&#8221;1\/2&#8243; css_animation=&#8221;fadeInLeft&#8221; disable_custom_paddings_tablet=&#8221;true&#8221; disable_custom_paddings_mobile=&#8221;true&#8221; css=&#8221;.vc_custom_1716282799026{padding-top: 75px !important;padding-left: 120px !important;background-color: #000000 !important;}&#8221;]<div class=\"clearboth\"><\/div><style>#thegem-divider-69dffa16b5bca {margin-top: 50px !important;}<\/style><div id=\"thegem-divider-69dffa16b5bca\" class=\"gem-divider  divider-hidden\" style=\"\" ><\/div>[vc_column_text css_animation=&#8221;bottom-to-top&#8221; css=&#8221;.vc_custom_1718208594068{margin-bottom: 20px !important;}&#8221;]<\/p>\n<div class=\"title-h2\" style=\"text-align: center;\"><span style=\"color: #ffffff;\">La Toretta Lounge<br \/>\n<\/span><\/div>\n<p>[\/vc_column_text][vc_single_image image=&#8221;498&#8243; img_size=&#8221;full&#8221; alignment=&#8221;center&#8221;][vc_column_text css_animation=&#8221;bottom-to-top&#8221; css=&#8221;.vc_custom_1716212352442{margin-bottom: 20px !important;}&#8221;]<\/p>\n<div class=\"title-h6\" style=\"text-align: center;\"><span style=\"color: #ffffff;\"><strong>Horaires d&#8217;ouverture :<\/strong> 17h00 &#8211; 02h00<br \/>\n<\/span><\/div>\n<p>[\/vc_column_text][vc_column_text css_animation=&#8221;bottom-to-top&#8221;]<\/p>\n<div class=\"styled-subtitle\" style=\"text-align: center;\"><span style=\"color: #ffffff;\">Que ce soit pour une r\u00e9union informelle ou un moment de plaisir, La Toretta Lounge vous promet une atmosph\u00e8re incomparable, o\u00f9 l\u2019art et la gastronomie se rencontrent harmonieusement.<\/span><\/div>\n<p>[\/vc_column_text]<div class=\"clearboth\"><\/div><style>#thegem-divider-69dffa16b5bf5 {margin-top: 35px !important;}<\/style><div id=\"thegem-divider-69dffa16b5bf5\" class=\"gem-divider  \" style=\"\" ><\/div><div class=\"clearboth\"><\/div><style>#thegem-divider-69dffa16b5c1c {margin-top: 55px !important;}<\/style><div id=\"thegem-divider-69dffa16b5c1c\" class=\"gem-divider  \" style=\"\" ><\/div><style type=\"text\/css\">.thegem-button-69dffa16b5cee663.lazy-loading-before-start-animation .lazy-loading-item {opacity: 0;} body.thegem-effects-disabled .thegem-button-69dffa16b5cee663.lazy-loading-before-start-animation .lazy-loading-item {opacity: 1;}<\/style><style type=\"text\/css\">.thegem-button-69dffa16b5cee663 .gem-button svg {fill: #cb9734;}.thegem-button-69dffa16b5cee663 .gem-button:hover svg {fill: #323236;}<\/style><div class=\"gem-button-container gem-button-position-center thegem-button-69dffa16b5cee663     lazy-loading lazy-loading-before-start-animation\"  ><a class=\"gem-button gem-button-size-medium gem-button-style-outline gem-button-text-weight-normal gem-button-border-3 lazy-loading-item\" data-ll-effect=\"drop-right-without-wrap\" style=\"border-radius: 6px;border-color: #cb9734;color: #cb9734;\" onmouseleave=\"this.style.borderColor='#cb9734';this.style.backgroundColor='transparent';this.style.color='#cb9734';\" onmouseenter=\"this.style.backgroundColor='#cb9734';this.style.color='#323236';\" href=\"https:\/\/www.hotelborjdhiafa.com\/fr\/galerie\/\" target=\"_self\">Voir galerie<\/a><\/div> <div class=\"clearboth\"><\/div><style>#thegem-divider-69dffa16b5d4b {margin-top: 95px !important;}<\/style><div id=\"thegem-divider-69dffa16b5d4b\" class=\"gem-divider  \" style=\"\" ><\/div>[\/vc_column][vc_column width=&#8221;1\/2&#8243; css_animation=&#8221;fadeInRight&#8221; css=&#8221;.vc_custom_1718018074791{background-image: url(https:\/\/www.hotelborjdhiafa.com\/wp-content\/uploads\/2024\/06\/DSC_0623-scaled-1.webp?id=2861) !important;background-position: center !important;background-repeat: no-repeat !important;background-size: cover !important;}&#8221;]<div class=\"clearboth\"><\/div><style>#thegem-divider-69dffa16b5d74 {margin-top: 500px !important;}<\/style><div id=\"thegem-divider-69dffa16b5d74\" class=\"gem-divider  \" style=\"\" ><\/div>[\/vc_column][\/vc_row][vc_row full_width=&#8221;stretch_row_content&#8221; equal_height=&#8221;yes&#8221; el_disable_desktop=&#8221;1&#8243; css=&#8221;.vc_custom_1717067562750{margin-bottom: 0px !important;}&#8221; custom_css_code=&#8221;JTQwbWVkaWElMjAlMjhtYXgtd2lkdGglM0ElMjAxMTk5cHglMjklN0IlMEElMjAlMjAlMjAlMjAlMjAlNDBpZC53cGJfcm93JTNFJTJBJTIwJTdCJTBBJTIwJTIwJTIwJTIwJTIwJTIwJTIwJTIwJTIwJTIwbWFyZ2luLXRvcCUzQSUyMDAlM0IlMEElMjAlMjAlMjAlMjAlMjAlN0QlMEElN0Q=&#8221;][vc_column width=&#8221;1\/2&#8243; css_animation=&#8221;fadeInRight&#8221; css=&#8221;.vc_custom_1716282808618{background-image: url(https:\/\/www.hotelborjdhiafa.com\/wp-content\/uploads\/2024\/05\/DSC_0623-scaled.jpg?id=1629) !important;background-position: center !important;background-repeat: no-repeat !important;background-size: cover !important;}&#8221;]<div class=\"clearboth\"><\/div><style>#thegem-divider-69dffa16b5d9d {margin-top: 500px !important;}<\/style><div id=\"thegem-divider-69dffa16b5d9d\" class=\"gem-divider  \" style=\"\" ><\/div>[\/vc_column][vc_column width=&#8221;1\/2&#8243; css_animation=&#8221;fadeInLeft&#8221; disable_custom_paddings_tablet=&#8221;true&#8221; disable_custom_paddings_mobile=&#8221;true&#8221; css=&#8221;.vc_custom_1716282799026{padding-top: 75px !important;padding-left: 120px !important;background-color: #000000 !important;}&#8221;]<div class=\"clearboth\"><\/div><style>#thegem-divider-69dffa16b5dc6 {margin-top: 50px !important;}<\/style><div id=\"thegem-divider-69dffa16b5dc6\" class=\"gem-divider  divider-hidden\" style=\"\" ><\/div>[vc_column_text css_animation=&#8221;bottom-to-top&#8221; css=&#8221;.vc_custom_1716302431526{margin-bottom: 20px !important;}&#8221;]<\/p>\n<div class=\"title-h2\" style=\"text-align: center;\"><span style=\"color: #ffffff;\">La Toretta Lounge<br \/>\n<\/span><\/div>\n<p>[\/vc_column_text][vc_single_image image=&#8221;498&#8243; img_size=&#8221;full&#8221; alignment=&#8221;center&#8221;][vc_column_text css_animation=&#8221;bottom-to-top&#8221; css=&#8221;.vc_custom_1716212352442{margin-bottom: 20px !important;}&#8221;]<\/p>\n<div class=\"title-h6\" style=\"text-align: center;\"><span style=\"color: #ffffff;\"><strong>Horaires d&#8217;ouverture :<\/strong> 17h00 &#8211; 02h00<br \/>\n<\/span><\/div>\n<p>[\/vc_column_text][vc_column_text css_animation=&#8221;bottom-to-top&#8221;]<\/p>\n<div class=\"styled-subtitle\" style=\"text-align: center;\"><span style=\"color: #ffffff;\">Que ce soit pour une r\u00e9union informelle ou un moment de plaisir, La Toretta Lounge vous promet une atmosph\u00e8re incomparable, o\u00f9 l\u2019art et la gastronomie se rencontrent harmonieusement.<\/span><\/div>\n<p>[\/vc_column_text]<div class=\"clearboth\"><\/div><style>#thegem-divider-69dffa16b5de9 {margin-top: 35px !important;}<\/style><div id=\"thegem-divider-69dffa16b5de9\" class=\"gem-divider  \" style=\"\" ><\/div><div class=\"clearboth\"><\/div><style>#thegem-divider-69dffa16b5e0c {margin-top: 55px !important;}<\/style><div id=\"thegem-divider-69dffa16b5e0c\" class=\"gem-divider  \" style=\"\" ><\/div><style type=\"text\/css\">.thegem-button-69dffa16b5ee02773.lazy-loading-before-start-animation .lazy-loading-item {opacity: 0;} body.thegem-effects-disabled .thegem-button-69dffa16b5ee02773.lazy-loading-before-start-animation .lazy-loading-item {opacity: 1;}<\/style><style type=\"text\/css\">.thegem-button-69dffa16b5ee02773 .gem-button svg {fill: #cb9734;}.thegem-button-69dffa16b5ee02773 .gem-button:hover svg {fill: #323236;}<\/style><div class=\"gem-button-container gem-button-position-center thegem-button-69dffa16b5ee02773     lazy-loading lazy-loading-before-start-animation\"  ><a class=\"gem-button gem-button-size-medium gem-button-style-outline gem-button-text-weight-normal gem-button-border-3 lazy-loading-item\" data-ll-effect=\"drop-right-without-wrap\" style=\"border-radius: 6px;border-color: #cb9734;color: #cb9734;\" onmouseleave=\"this.style.borderColor='#cb9734';this.style.backgroundColor='transparent';this.style.color='#cb9734';\" onmouseenter=\"this.style.backgroundColor='#cb9734';this.style.color='#323236';\" href=\"https:\/\/www.hotelborjdhiafa.com\/fr\/galerie\/\" target=\"_self\">Voir galerie<\/a><\/div> <div class=\"clearboth\"><\/div><style>#thegem-divider-69dffa16b5f3d {margin-top: 95px !important;}<\/style><div id=\"thegem-divider-69dffa16b5f3d\" class=\"gem-divider  \" style=\"\" ><\/div>[\/vc_column][\/vc_row]<\/p>\n<\/div>","protected":false},"excerpt":{"rendered":"<p>[vc_row full_width=&#8221;stretch_row&#8221; css=&#8221;.vc_custom_1716279466867{margin-bottom: 0px !important;padding-top: 0px !important;padding-bottom: 0px !important;background-image: url(https:\/\/www.hotelborjdhiafa.com\/wp-content\/uploads\/2018\/11\/p2.jpg?id=499) !important;background-position: 0 0 !important;background-repeat: repeat !important;}&#8221;][vc_column css_animation=&#8221;bottom-to-top&#8221; css=&#8221;.vc_custom_1541417170344{margin-top: 0px !important;margin-bottom:&#8230;<\/p>\n","protected":false},"author":1,"featured_media":0,"parent":0,"menu_order":0,"comment_status":"closed","ping_status":"closed","template":"","meta":{"footnotes":""},"class_list":["post-1547","page","type-page","status-publish"],"yoast_head":"<!-- This site is optimized with the Yoast SEO plugin v23.1 - https:\/\/yoast.com\/wordpress\/plugins\/seo\/ -->\n<title>Bar &amp; Lounge Chic \u00e0 Sfax | Sirotez et savourez avec style<\/title>\n<meta name=\"description\" content=\"Profitez de cocktails exquis et d&#039;une atmosph\u00e8re raffin\u00e9e au Bar &amp; Lounge de l&#039;H\u00f4tel Borj Dhiafa, Sfax. Parfait pour les soir\u00e9es de d\u00e9tente.\" \/>\n<meta name=\"robots\" content=\"index, follow, max-snippet:-1, max-image-preview:large, max-video-preview:-1\" \/>\n<link rel=\"canonical\" href=\"https:\/\/www.hotelborjdhiafa.com\/fr\/bar-lounge\/\" \/>\n<meta property=\"og:locale\" content=\"fr_FR\" \/>\n<meta property=\"og:type\" content=\"article\" \/>\n<meta property=\"og:title\" content=\"Bar &amp; Lounge Chic \u00e0 Sfax | Sirotez et savourez avec style\" \/>\n<meta property=\"og:description\" content=\"Profitez de cocktails exquis et d&#039;une atmosph\u00e8re raffin\u00e9e au Bar &amp; Lounge de l&#039;H\u00f4tel Borj Dhiafa, Sfax. Parfait pour les soir\u00e9es de d\u00e9tente.\" \/>\n<meta property=\"og:url\" content=\"https:\/\/www.hotelborjdhiafa.com\/fr\/bar-lounge\/\" \/>\n<meta property=\"og:site_name\" content=\"H\u00f4tel Borj Dhiafa\" \/>\n<meta property=\"article:modified_time\" content=\"2024-07-30T09:17:34+00:00\" \/>\n<meta name=\"twitter:card\" content=\"summary_large_image\" \/>\n<meta name=\"twitter:label1\" content=\"Dur\u00e9e de lecture estim\u00e9e\" \/>\n\t<meta name=\"twitter:data1\" content=\"2 minutes\" \/>\n<script type=\"application\/ld+json\" class=\"yoast-schema-graph\">{\"@context\":\"https:\/\/schema.org\",\"@graph\":[{\"@type\":\"WebPage\",\"@id\":\"https:\/\/www.hotelborjdhiafa.com\/fr\/bar-lounge\/\",\"url\":\"https:\/\/www.hotelborjdhiafa.com\/fr\/bar-lounge\/\",\"name\":\"Bar & Lounge Chic \u00e0 Sfax | Sirotez et savourez avec style\",\"isPartOf\":{\"@id\":\"https:\/\/www.hotelborjdhiafa.com\/#website\"},\"datePublished\":\"2024-05-18T11:55:32+00:00\",\"dateModified\":\"2024-07-30T09:17:34+00:00\",\"description\":\"Profitez de cocktails exquis et d'une atmosph\u00e8re raffin\u00e9e au Bar & Lounge de l'H\u00f4tel Borj Dhiafa, Sfax. Parfait pour les soir\u00e9es de d\u00e9tente.\",\"breadcrumb\":{\"@id\":\"https:\/\/www.hotelborjdhiafa.com\/fr\/bar-lounge\/#breadcrumb\"},\"inLanguage\":\"fr-FR\",\"potentialAction\":[{\"@type\":\"ReadAction\",\"target\":[\"https:\/\/www.hotelborjdhiafa.com\/fr\/bar-lounge\/\"]}]},{\"@type\":\"BreadcrumbList\",\"@id\":\"https:\/\/www.hotelborjdhiafa.com\/fr\/bar-lounge\/#breadcrumb\",\"itemListElement\":[{\"@type\":\"ListItem\",\"position\":1,\"name\":\"Home\",\"item\":\"https:\/\/www.hotelborjdhiafa.com\/fr\/\"},{\"@type\":\"ListItem\",\"position\":2,\"name\":\"Bar &#038; Lounge\"}]},{\"@type\":\"WebSite\",\"@id\":\"https:\/\/www.hotelborjdhiafa.com\/#website\",\"url\":\"https:\/\/www.hotelborjdhiafa.com\/\",\"name\":\"H\u00f4tel Borj Dhiafa\",\"description\":\"H\u00f4tel de charme\",\"potentialAction\":[{\"@type\":\"SearchAction\",\"target\":{\"@type\":\"EntryPoint\",\"urlTemplate\":\"https:\/\/www.hotelborjdhiafa.com\/?s={search_term_string}\"},\"query-input\":\"required name=search_term_string\"}],\"inLanguage\":\"fr-FR\"}]}<\/script>\n<!-- \/ Yoast SEO plugin. -->","yoast_head_json":{"title":"Bar & Lounge Chic \u00e0 Sfax | Sirotez et savourez avec style","description":"Profitez de cocktails exquis et d'une atmosph\u00e8re raffin\u00e9e au Bar & Lounge de l'H\u00f4tel Borj Dhiafa, Sfax. Parfait pour les soir\u00e9es de d\u00e9tente.","robots":{"index":"index","follow":"follow","max-snippet":"max-snippet:-1","max-image-preview":"max-image-preview:large","max-video-preview":"max-video-preview:-1"},"canonical":"https:\/\/www.hotelborjdhiafa.com\/fr\/bar-lounge\/","og_locale":"fr_FR","og_type":"article","og_title":"Bar & Lounge Chic \u00e0 Sfax | Sirotez et savourez avec style","og_description":"Profitez de cocktails exquis et d'une atmosph\u00e8re raffin\u00e9e au Bar & Lounge de l'H\u00f4tel Borj Dhiafa, Sfax. Parfait pour les soir\u00e9es de d\u00e9tente.","og_url":"https:\/\/www.hotelborjdhiafa.com\/fr\/bar-lounge\/","og_site_name":"H\u00f4tel Borj Dhiafa","article_modified_time":"2024-07-30T09:17:34+00:00","twitter_card":"summary_large_image","twitter_misc":{"Dur\u00e9e de lecture estim\u00e9e":"2 minutes"},"schema":{"@context":"https:\/\/schema.org","@graph":[{"@type":"WebPage","@id":"https:\/\/www.hotelborjdhiafa.com\/fr\/bar-lounge\/","url":"https:\/\/www.hotelborjdhiafa.com\/fr\/bar-lounge\/","name":"Bar & Lounge Chic \u00e0 Sfax | Sirotez et savourez avec style","isPartOf":{"@id":"https:\/\/www.hotelborjdhiafa.com\/#website"},"datePublished":"2024-05-18T11:55:32+00:00","dateModified":"2024-07-30T09:17:34+00:00","description":"Profitez de cocktails exquis et d'une atmosph\u00e8re raffin\u00e9e au Bar & Lounge de l'H\u00f4tel Borj Dhiafa, Sfax. Parfait pour les soir\u00e9es de d\u00e9tente.","breadcrumb":{"@id":"https:\/\/www.hotelborjdhiafa.com\/fr\/bar-lounge\/#breadcrumb"},"inLanguage":"fr-FR","potentialAction":[{"@type":"ReadAction","target":["https:\/\/www.hotelborjdhiafa.com\/fr\/bar-lounge\/"]}]},{"@type":"BreadcrumbList","@id":"https:\/\/www.hotelborjdhiafa.com\/fr\/bar-lounge\/#breadcrumb","itemListElement":[{"@type":"ListItem","position":1,"name":"Home","item":"https:\/\/www.hotelborjdhiafa.com\/fr\/"},{"@type":"ListItem","position":2,"name":"Bar &#038; Lounge"}]},{"@type":"WebSite","@id":"https:\/\/www.hotelborjdhiafa.com\/#website","url":"https:\/\/www.hotelborjdhiafa.com\/","name":"H\u00f4tel Borj Dhiafa","description":"H\u00f4tel de charme","potentialAction":[{"@type":"SearchAction","target":{"@type":"EntryPoint","urlTemplate":"https:\/\/www.hotelborjdhiafa.com\/?s={search_term_string}"},"query-input":"required name=search_term_string"}],"inLanguage":"fr-FR"}]}},"_links":{"self":[{"href":"https:\/\/www.hotelborjdhiafa.com\/fr\/wp-json\/wp\/v2\/pages\/1547","targetHints":{"allow":["GET"]}}],"collection":[{"href":"https:\/\/www.hotelborjdhiafa.com\/fr\/wp-json\/wp\/v2\/pages"}],"about":[{"href":"https:\/\/www.hotelborjdhiafa.com\/fr\/wp-json\/wp\/v2\/types\/page"}],"author":[{"embeddable":true,"href":"https:\/\/www.hotelborjdhiafa.com\/fr\/wp-json\/wp\/v2\/users\/1"}],"replies":[{"embeddable":true,"href":"https:\/\/www.hotelborjdhiafa.com\/fr\/wp-json\/wp\/v2\/comments?post=1547"}],"version-history":[{"count":21,"href":"https:\/\/www.hotelborjdhiafa.com\/fr\/wp-json\/wp\/v2\/pages\/1547\/revisions"}],"predecessor-version":[{"id":3149,"href":"https:\/\/www.hotelborjdhiafa.com\/fr\/wp-json\/wp\/v2\/pages\/1547\/revisions\/3149"}],"wp:attachment":[{"href":"https:\/\/www.hotelborjdhiafa.com\/fr\/wp-json\/wp\/v2\/media?parent=1547"}],"curies":[{"name":"wp","href":"https:\/\/api.w.org\/{rel}","templated":true}]}}