{"id":1103,"date":"2024-05-10T16:11:23","date_gmt":"2024-05-10T14:11:23","guid":{"rendered":"https:\/\/www.hotelborjdhiafa.com\/?page_id=1103"},"modified":"2024-07-30T11:14:58","modified_gmt":"2024-07-30T09:14:58","slug":"restaurants","status":"publish","type":"page","link":"https:\/\/www.hotelborjdhiafa.com\/fr\/restaurants\/","title":{"rendered":"Restaurants"},"content":{"rendered":"<div class=\"wpb-content-wrapper\"><p>[vc_row full_width=&#8221;stretch_row&#8221; css=&#8221;.vc_custom_1716204872307{margin-top: -20px !important;margin-bottom: 0px !important;padding-top: 0px !important;padding-bottom: 0px !important;background-image: url(https:\/\/www.hotelborjdhiafa.com\/wp-content\/uploads\/2018\/11\/p2.jpg?id=499) !important;background-position: 0 0 !important;background-repeat: repeat !important;}&#8221;][vc_column css_animation=&#8221;bottom-to-top&#8221; css=&#8221;.vc_custom_1541417170344{margin-top: 0px !important;margin-bottom: 0px !important;padding-top: 0px !important;padding-bottom: 0px !important;}&#8221;]<div id=\"fullwidth-block-69ee3c810ad9e\" class=\"fullwidth-block fullwidth-block-parallax-vertical clearfix\" data-mobile-parallax-enable=\"1\" style=\"padding-top: 150px;padding-bottom: 150px;\"><script type=\"text\/javascript\">if (typeof(gem_fix_fullwidth_position) == \"function\") { gem_fix_fullwidth_position(document.getElementById(\"fullwidth-block-69ee3c810ad9e\")); }<\/script><div class=\"fullwidth-block-inner\">[vc_column_text css_animation=&#8221;bottom-to-top&#8221;]<\/p>\n<div class=\"title-h5\" style=\"text-align: center;\"><\/div>\n<p>[\/vc_column_text]<div class=\"clearboth\"><\/div><style>#thegem-divider-69ee3c810ae36 {margin-top: -150px !important;}<\/style><div id=\"thegem-divider-69ee3c810ae36\" class=\"gem-divider  \" style=\"\" ><\/div>[vc_column_text css_animation=&#8221;bottom-to-top&#8221; el_class=&#8221;uppercase-disable&#8221;]<\/p>\n<div class=\"title-h1\" style=\"text-align: center;\">Gastronomie \u00e9toil\u00e9e<\/div>\n<p>[\/vc_column_text]<div class=\"clearboth\"><\/div><style>#thegem-divider-69ee3c810ae5e {margin-top: 35px !important;}<\/style><div id=\"thegem-divider-69ee3c810ae5e\" class=\"gem-divider  \" style=\"\" ><\/div>[vc_single_image image=&#8221;498&#8243; img_size=&#8221;full&#8221; alignment=&#8221;center&#8221;]<div class=\"clearboth\"><\/div><style>#thegem-divider-69ee3c810ae77 {margin-top: 60px !important;}<\/style><div id=\"thegem-divider-69ee3c810ae77\" class=\"gem-divider  \" style=\"\" ><\/div>[vc_column_text css=&#8221;.vc_custom_1718708112890{padding-right: 10px !important;padding-left: 10px !important;}&#8221;]<\/p>\n<p style=\"text-align: center; color: black;\">L&#8217;h\u00f4tel Borj Dhifa propose une exp\u00e9rience gastronomique \u00e9toil\u00e9e qui ravit les papilles les plus exigeantes.<br \/>\nAvec une fusion magistrale de saveurs locales et internationales, chaque repas est une c\u00e9l\u00e9bration de l&#8217;art culinaire.<br \/>\nDes chefs de renom, inspir\u00e9s par la richesse des produits locaux et une cr\u00e9ativit\u00e9 sans limite, concoctent des plats aussi beaux que d\u00e9licieux.<br \/>\nChaque bouch\u00e9e est une symphonie de go\u00fbts, pr\u00e9sent\u00e9e avec \u00e9l\u00e9gance et raffinement.<\/p>\n<p>[\/vc_column_text]<\/div><\/div>[\/vc_column][\/vc_row][vc_row full_width=&#8221;stretch_row_content&#8221; equal_height=&#8221;yes&#8221; css=&#8221;.vc_custom_1590569723277{margin-bottom: 0px !important;}&#8221; custom_css_code=&#8221;JTQwbWVkaWElMjAlMjhtYXgtd2lkdGglM0ElMjAxMTk5cHglMjklN0IlMEElMjAlMjAlMjAlMjAlMjAlNDBpZC53cGJfcm93JTNFJTJBJTIwJTdCJTBBJTIwJTIwJTIwJTIwJTIwJTIwJTIwJTIwJTIwJTIwbWFyZ2luLXRvcCUzQSUyMDAlM0IlMEElMjAlMjAlMjAlMjAlMjAlN0QlMEElN0Q=&#8221;][vc_column width=&#8221;1\/2&#8243; css_animation=&#8221;fadeInLeft&#8221; css=&#8221;.vc_custom_1718011493106{background-image: url(https:\/\/www.hotelborjdhiafa.com\/wp-content\/uploads\/2024\/06\/img1.webp?id=2792) !important;background-position: center !important;background-repeat: no-repeat !important;background-size: cover !important;}&#8221;]<div class=\"clearboth\"><\/div><style>#thegem-divider-69ee3c810ae9b {margin-top: 500px !important;}<\/style><div id=\"thegem-divider-69ee3c810ae9b\" class=\"gem-divider  \" style=\"\" ><\/div>[\/vc_column][vc_column width=&#8221;1\/2&#8243; css_animation=&#8221;fadeInRight&#8221; disable_custom_paddings_tablet=&#8221;true&#8221; disable_custom_paddings_mobile=&#8221;true&#8221; css=&#8221;.vc_custom_1716280059635{padding-top: 75px !important;padding-left: 120px !important;background-color: #000000 !important;}&#8221;]<div class=\"clearboth\"><\/div><style>#thegem-divider-69ee3c810aeb7 {margin-top: 50px !important;}<\/style><div id=\"thegem-divider-69ee3c810aeb7\" class=\"gem-divider  divider-hidden\" style=\"\" ><\/div>[vc_column_text css_animation=&#8221;bottom-to-top&#8221; css=&#8221;.vc_custom_1715597340108{margin-bottom: 20px !important;}&#8221;]<\/p>\n<div class=\"title-h2\" style=\"text-align: center;\"><span style=\"color: #ffffff;\">EL BORJ<br \/>\n<\/span><\/div>\n<p>[\/vc_column_text][vc_single_image image=&#8221;498&#8243; img_size=&#8221;full&#8221; alignment=&#8221;center&#8221;][vc_column_text css_animation=&#8221;bottom-to-top&#8221; css=&#8221;.vc_custom_1715597366352{margin-bottom: 20px !important;}&#8221;]<\/p>\n<div class=\"title-h6\" style=\"text-align: center;\"><span style=\"color: #ffffff;\"><strong>Horaires d&#8217;ouverture :<\/strong> 06h00 &#8211; 00h00 <\/span><\/div>\n<p>[\/vc_column_text][vc_column_text css_animation=&#8221;bottom-to-top&#8221;]<\/p>\n<div class=\"styled-subtitle\" style=\"text-align: center;\"><span style=\"color: #ffffff;\">Au sein de Borj Dhiafa Sfax se cache un tr\u00e9sor gastronomique : le restaurant El Borj.<br \/>\nUn lieu o\u00f9 les saveurs traditionnelles prennent vie dans un cadre empreint d\u2019authenticit\u00e9 et de charme, o\u00f9 chaque bouch\u00e9e est une invitation \u00e0 explorer la culture et la gastronomie locales.<\/span><\/div>\n<p>[\/vc_column_text]<div class=\"clearboth\"><\/div><style>#thegem-divider-69ee3c810aecf {margin-top: 35px !important;}<\/style><div id=\"thegem-divider-69ee3c810aecf\" class=\"gem-divider  \" style=\"\" ><\/div><div class=\"clearboth\"><\/div><style>#thegem-divider-69ee3c810aee8 {margin-top: 55px !important;}<\/style><div id=\"thegem-divider-69ee3c810aee8\" class=\"gem-divider  \" style=\"\" ><\/div><style type=\"text\/css\">.thegem-button-69ee3c810afb68467.lazy-loading-before-start-animation .lazy-loading-item {opacity: 0;} body.thegem-effects-disabled .thegem-button-69ee3c810afb68467.lazy-loading-before-start-animation .lazy-loading-item {opacity: 1;}<\/style><style type=\"text\/css\">.thegem-button-69ee3c810afb68467 .gem-button svg {fill: #cb9734;}.thegem-button-69ee3c810afb68467 .gem-button:hover svg {fill: #323236;}<\/style><div class=\"gem-button-container gem-button-position-center thegem-button-69ee3c810afb68467     lazy-loading lazy-loading-before-start-animation\"  ><a class=\"gem-button gem-button-size-medium gem-button-style-outline gem-button-text-weight-normal gem-button-border-3 lazy-loading-item\" data-ll-effect=\"drop-right-without-wrap\" style=\"border-radius: 6px;border-color: #cb9734;color: #cb9734;\" onmouseleave=\"this.style.borderColor='#cb9734';this.style.backgroundColor='transparent';this.style.color='#cb9734';\" onmouseenter=\"this.style.backgroundColor='#cb9734';this.style.color='#323236';\" href=\"https:\/\/www.hotelborjdhiafa.com\/fr\/galerie\/\" target=\"_self\">Voir galerie<\/a><\/div> <div class=\"clearboth\"><\/div><style>#thegem-divider-69ee3c810aff9 {margin-top: 95px !important;}<\/style><div id=\"thegem-divider-69ee3c810aff9\" class=\"gem-divider  \" style=\"\" ><\/div>[\/vc_column][\/vc_row][vc_row full_width=&#8221;stretch_row_content&#8221; equal_height=&#8221;yes&#8221; el_disable_tablet=&#8221;1&#8243; el_disable_mobile=&#8221;1&#8243; css=&#8221;.vc_custom_1717067360004{margin-bottom: 0px !important;}&#8221; custom_css_code=&#8221;JTQwbWVkaWElMjAlMjhtYXgtd2lkdGglM0ElMjAxMTk5cHglMjklN0IlMEElMjAlMjAlMjAlMjAlMjAlNDBpZC53cGJfcm93JTNFJTJBJTIwJTdCJTBBJTIwJTIwJTIwJTIwJTIwJTIwJTIwJTIwJTIwJTIwbWFyZ2luLXRvcCUzQSUyMDAlM0IlMEElMjAlMjAlMjAlMjAlMjAlN0QlMEElN0Q=&#8221;][vc_column width=&#8221;1\/2&#8243; css_animation=&#8221;fadeInLeft&#8221; disable_custom_paddings_tablet=&#8221;true&#8221; disable_custom_paddings_mobile=&#8221;true&#8221; css=&#8221;.vc_custom_1716280050724{padding-top: 75px !important;padding-left: 120px !important;background-color: #000000 !important;}&#8221;]<div class=\"clearboth\"><\/div><style>#thegem-divider-69ee3c810b01d {margin-top: 50px !important;}<\/style><div id=\"thegem-divider-69ee3c810b01d\" class=\"gem-divider  divider-hidden\" style=\"\" ><\/div>[vc_column_text css_animation=&#8221;bottom-to-top&#8221; css=&#8221;.vc_custom_1715597185909{margin-bottom: 20px !important;}&#8221;]<\/p>\n<div class=\"title-h2\" style=\"text-align: center;\"><span style=\"color: #ffffff;\">EL MAYDA<br \/>\n<\/span><\/div>\n<p>[\/vc_column_text][vc_single_image image=&#8221;498&#8243; img_size=&#8221;full&#8221; alignment=&#8221;center&#8221;][vc_column_text css_animation=&#8221;bottom-to-top&#8221; css=&#8221;.vc_custom_1715597498454{margin-bottom: 20px !important;}&#8221;]<\/p>\n<div class=\"title-h6\" style=\"text-align: center;\"><span style=\"color: #ffffff;\"><strong>Sur r\u00e9servation pour groupes<\/strong><br \/>\n<\/span><\/div>\n<p>[\/vc_column_text][vc_column_text css_animation=&#8221;bottom-to-top&#8221;]<\/p>\n<div class=\"styled-subtitle\" style=\"text-align: center;\"><span style=\"color: #ffffff;\">El Mayda se positionne comme un \u00e9crin de prestige. Ce restaurant intimiste offre un cadre id\u00e9al pour des repas d\u2019affaires confidentiels ou des c\u00e9l\u00e9brations exclusives.<br \/>\nSon atmosph\u00e8re \u00e9l\u00e9gante et discr\u00e8te vous permettra de profiter pleinement de moments privil\u00e9gi\u00e9s.<\/span><\/div>\n<p>[\/vc_column_text]<div class=\"clearboth\"><\/div><style>#thegem-divider-69ee3c810b035 {margin-top: 35px !important;}<\/style><div id=\"thegem-divider-69ee3c810b035\" class=\"gem-divider  \" style=\"\" ><\/div><div class=\"clearboth\"><\/div><style>#thegem-divider-69ee3c810b04a {margin-top: 55px !important;}<\/style><div id=\"thegem-divider-69ee3c810b04a\" class=\"gem-divider  \" style=\"\" ><\/div><style type=\"text\/css\">.thegem-button-69ee3c810b0c32628.lazy-loading-before-start-animation .lazy-loading-item {opacity: 0;} body.thegem-effects-disabled .thegem-button-69ee3c810b0c32628.lazy-loading-before-start-animation .lazy-loading-item {opacity: 1;}<\/style><style type=\"text\/css\">.thegem-button-69ee3c810b0c32628 .gem-button svg {fill: #cb9734;}.thegem-button-69ee3c810b0c32628 .gem-button:hover svg {fill: #323236;}<\/style><div class=\"gem-button-container gem-button-position-center thegem-button-69ee3c810b0c32628     lazy-loading lazy-loading-before-start-animation\"  ><a class=\"gem-button gem-button-size-medium gem-button-style-outline gem-button-text-weight-normal gem-button-border-3 lazy-loading-item\" data-ll-effect=\"drop-right-without-wrap\" style=\"border-radius: 6px;border-color: #cb9734;color: #cb9734;\" onmouseleave=\"this.style.borderColor='#cb9734';this.style.backgroundColor='transparent';this.style.color='#cb9734';\" onmouseenter=\"this.style.backgroundColor='#cb9734';this.style.color='#323236';\" href=\"https:\/\/www.hotelborjdhiafa.com\/fr\/galerie\/\" target=\"_self\">Voir galerie<\/a><\/div> <div class=\"clearboth\"><\/div><style>#thegem-divider-69ee3c810b0f8 {margin-top: 95px !important;}<\/style><div id=\"thegem-divider-69ee3c810b0f8\" class=\"gem-divider  \" style=\"\" ><\/div>[\/vc_column][vc_column width=&#8221;1\/2&#8243; css_animation=&#8221;fadeInRight&#8221; css=&#8221;.vc_custom_1718011545219{background-image: url(https:\/\/www.hotelborjdhiafa.com\/wp-content\/uploads\/2024\/06\/img2.webp?id=2794) !important;background-position: center !important;background-repeat: no-repeat !important;background-size: cover !important;}&#8221;]<div class=\"clearboth\"><\/div><style>#thegem-divider-69ee3c810b10f {margin-top: 500px !important;}<\/style><div id=\"thegem-divider-69ee3c810b10f\" class=\"gem-divider  \" style=\"\" ><\/div>[\/vc_column][\/vc_row][vc_row full_width=&#8221;stretch_row_content&#8221; equal_height=&#8221;yes&#8221; el_disable_desktop=&#8221;1&#8243; css=&#8221;.vc_custom_1717067379361{margin-bottom: 0px !important;}&#8221; custom_css_code=&#8221;JTQwbWVkaWElMjAlMjhtYXgtd2lkdGglM0ElMjAxMTk5cHglMjklN0IlMEElMjAlMjAlMjAlMjAlMjAlNDBpZC53cGJfcm93JTNFJTJBJTIwJTdCJTBBJTIwJTIwJTIwJTIwJTIwJTIwJTIwJTIwJTIwJTIwbWFyZ2luLXRvcCUzQSUyMDAlM0IlMEElMjAlMjAlMjAlMjAlMjAlN0QlMEElN0Q=&#8221;][vc_column width=&#8221;1\/2&#8243; css_animation=&#8221;fadeInRight&#8221; css=&#8221;.vc_custom_1718011576391{background-image: url(https:\/\/www.hotelborjdhiafa.com\/wp-content\/uploads\/2024\/06\/img2.webp?id=2794) !important;background-position: center !important;background-repeat: no-repeat !important;background-size: cover !important;}&#8221;]<div class=\"clearboth\"><\/div><style>#thegem-divider-69ee3c810b125 {margin-top: 500px !important;}<\/style><div id=\"thegem-divider-69ee3c810b125\" class=\"gem-divider  \" style=\"\" ><\/div>[\/vc_column][vc_column width=&#8221;1\/2&#8243; css_animation=&#8221;fadeInLeft&#8221; disable_custom_paddings_tablet=&#8221;true&#8221; disable_custom_paddings_mobile=&#8221;true&#8221; css=&#8221;.vc_custom_1716280050724{padding-top: 75px !important;padding-left: 120px !important;background-color: #000000 !important;}&#8221;]<div class=\"clearboth\"><\/div><style>#thegem-divider-69ee3c810b13a {margin-top: 50px !important;}<\/style><div id=\"thegem-divider-69ee3c810b13a\" class=\"gem-divider  divider-hidden\" style=\"\" ><\/div>[vc_column_text css_animation=&#8221;bottom-to-top&#8221; css=&#8221;.vc_custom_1715597185909{margin-bottom: 20px !important;}&#8221;]<\/p>\n<div class=\"title-h2\" style=\"text-align: center;\"><span style=\"color: #ffffff;\">EL MAYDA<br \/>\n<\/span><\/div>\n<p>[\/vc_column_text][vc_single_image image=&#8221;498&#8243; img_size=&#8221;full&#8221; alignment=&#8221;center&#8221;][vc_column_text css_animation=&#8221;bottom-to-top&#8221; css=&#8221;.vc_custom_1715597498454{margin-bottom: 20px !important;}&#8221;]<\/p>\n<div class=\"title-h6\" style=\"text-align: center;\"><span style=\"color: #ffffff;\"><strong>Sur r\u00e9servation pour groupes<\/strong><br \/>\n<\/span><\/div>\n<p>[\/vc_column_text][vc_column_text css_animation=&#8221;bottom-to-top&#8221;]<\/p>\n<div class=\"styled-subtitle\" style=\"text-align: center;\"><span style=\"color: #ffffff;\">El Mayda se positionne comme un \u00e9crin de prestige. Ce restaurant intimiste offre un cadre id\u00e9al pour des repas d\u2019affaires confidentiels ou des c\u00e9l\u00e9brations exclusives.<br \/>\nSon atmosph\u00e8re \u00e9l\u00e9gante et discr\u00e8te vous permettra de profiter pleinement de moments privil\u00e9gi\u00e9s.<\/span><\/div>\n<p>[\/vc_column_text]<div class=\"clearboth\"><\/div><style>#thegem-divider-69ee3c810b14e {margin-top: 35px !important;}<\/style><div id=\"thegem-divider-69ee3c810b14e\" class=\"gem-divider  \" style=\"\" ><\/div><div class=\"clearboth\"><\/div><style>#thegem-divider-69ee3c810b16c {margin-top: 55px !important;}<\/style><div id=\"thegem-divider-69ee3c810b16c\" class=\"gem-divider  \" style=\"\" ><\/div><style type=\"text\/css\">.thegem-button-69ee3c810b1ef3381.lazy-loading-before-start-animation .lazy-loading-item {opacity: 0;} body.thegem-effects-disabled .thegem-button-69ee3c810b1ef3381.lazy-loading-before-start-animation .lazy-loading-item {opacity: 1;}<\/style><style type=\"text\/css\">.thegem-button-69ee3c810b1ef3381 .gem-button svg {fill: #cb9734;}.thegem-button-69ee3c810b1ef3381 .gem-button:hover svg {fill: #323236;}<\/style><div class=\"gem-button-container gem-button-position-center thegem-button-69ee3c810b1ef3381     lazy-loading lazy-loading-before-start-animation\"  ><a class=\"gem-button gem-button-size-medium gem-button-style-outline gem-button-text-weight-normal gem-button-border-3 lazy-loading-item\" data-ll-effect=\"drop-right-without-wrap\" style=\"border-radius: 6px;border-color: #cb9734;color: #cb9734;\" onmouseleave=\"this.style.borderColor='#cb9734';this.style.backgroundColor='transparent';this.style.color='#cb9734';\" onmouseenter=\"this.style.backgroundColor='#cb9734';this.style.color='#323236';\" href=\"https:\/\/www.hotelborjdhiafa.com\/fr\/galerie\/\" target=\"_self\">Voir galerie<\/a><\/div> <div class=\"clearboth\"><\/div><style>#thegem-divider-69ee3c810b222 {margin-top: 95px !important;}<\/style><div id=\"thegem-divider-69ee3c810b222\" class=\"gem-divider  \" style=\"\" ><\/div>[\/vc_column][\/vc_row]<\/p>\n<\/div>","protected":false},"excerpt":{"rendered":"<p>[vc_row full_width=&#8221;stretch_row&#8221; css=&#8221;.vc_custom_1716204872307{margin-top: -20px !important;margin-bottom: 0px !important;padding-top: 0px !important;padding-bottom: 0px !important;background-image: url(https:\/\/www.hotelborjdhiafa.com\/wp-content\/uploads\/2018\/11\/p2.jpg?id=499) !important;background-position: 0 0 !important;background-repeat: repeat !important;}&#8221;][vc_column css_animation=&#8221;bottom-to-top&#8221; css=&#8221;.vc_custom_1541417170344{margin-top:&#8230;<\/p>\n","protected":false},"author":1,"featured_media":0,"parent":0,"menu_order":0,"comment_status":"closed","ping_status":"closed","template":"","meta":{"footnotes":""},"class_list":["post-1103","page","type-page","status-publish"],"yoast_head":"<!-- This site is optimized with the Yoast SEO plugin v23.1 - https:\/\/yoast.com\/wordpress\/plugins\/seo\/ -->\n<title>Exp\u00e9rience gastronomique unique \u00e0 Sfax | H\u00f4tel Borj Dhiafa<\/title>\n<meta name=\"description\" content=\"Laissez-vous tenter par une cuisine exquise dans les restaurants de l&#039;h\u00f4tel Borj Dhiafa Sfax. Un vrai d\u00e9lice gastronomique. R\u00e9servez une table vite !\" \/>\n<meta name=\"robots\" content=\"index, follow, max-snippet:-1, max-image-preview:large, max-video-preview:-1\" \/>\n<link rel=\"canonical\" href=\"https:\/\/www.hotelborjdhiafa.com\/fr\/restaurants\/\" \/>\n<meta property=\"og:locale\" content=\"fr_FR\" \/>\n<meta property=\"og:type\" content=\"article\" \/>\n<meta property=\"og:title\" content=\"Exp\u00e9rience gastronomique unique \u00e0 Sfax | H\u00f4tel Borj Dhiafa\" \/>\n<meta property=\"og:description\" content=\"Laissez-vous tenter par une cuisine exquise dans les restaurants de l&#039;h\u00f4tel Borj Dhiafa Sfax. Un vrai d\u00e9lice gastronomique. R\u00e9servez une table vite !\" \/>\n<meta property=\"og:url\" content=\"https:\/\/www.hotelborjdhiafa.com\/fr\/restaurants\/\" \/>\n<meta property=\"og:site_name\" content=\"H\u00f4tel Borj Dhiafa\" \/>\n<meta property=\"article:modified_time\" content=\"2024-07-30T09:14:58+00:00\" \/>\n<meta name=\"twitter:card\" content=\"summary_large_image\" \/>\n<meta name=\"twitter:label1\" content=\"Dur\u00e9e de lecture estim\u00e9e\" \/>\n\t<meta name=\"twitter:data1\" content=\"2 minutes\" \/>\n<script type=\"application\/ld+json\" class=\"yoast-schema-graph\">{\"@context\":\"https:\/\/schema.org\",\"@graph\":[{\"@type\":\"WebPage\",\"@id\":\"https:\/\/www.hotelborjdhiafa.com\/fr\/restaurants\/\",\"url\":\"https:\/\/www.hotelborjdhiafa.com\/fr\/restaurants\/\",\"name\":\"Exp\u00e9rience gastronomique unique \u00e0 Sfax | H\u00f4tel Borj Dhiafa\",\"isPartOf\":{\"@id\":\"https:\/\/www.hotelborjdhiafa.com\/#website\"},\"datePublished\":\"2024-05-10T14:11:23+00:00\",\"dateModified\":\"2024-07-30T09:14:58+00:00\",\"description\":\"Laissez-vous tenter par une cuisine exquise dans les restaurants de l'h\u00f4tel Borj Dhiafa Sfax. Un vrai d\u00e9lice gastronomique. R\u00e9servez une table vite !\",\"breadcrumb\":{\"@id\":\"https:\/\/www.hotelborjdhiafa.com\/fr\/restaurants\/#breadcrumb\"},\"inLanguage\":\"fr-FR\",\"potentialAction\":[{\"@type\":\"ReadAction\",\"target\":[\"https:\/\/www.hotelborjdhiafa.com\/fr\/restaurants\/\"]}]},{\"@type\":\"BreadcrumbList\",\"@id\":\"https:\/\/www.hotelborjdhiafa.com\/fr\/restaurants\/#breadcrumb\",\"itemListElement\":[{\"@type\":\"ListItem\",\"position\":1,\"name\":\"Home\",\"item\":\"https:\/\/www.hotelborjdhiafa.com\/fr\/\"},{\"@type\":\"ListItem\",\"position\":2,\"name\":\"Restaurants\"}]},{\"@type\":\"WebSite\",\"@id\":\"https:\/\/www.hotelborjdhiafa.com\/#website\",\"url\":\"https:\/\/www.hotelborjdhiafa.com\/\",\"name\":\"H\u00f4tel Borj Dhiafa\",\"description\":\"H\u00f4tel de charme\",\"potentialAction\":[{\"@type\":\"SearchAction\",\"target\":{\"@type\":\"EntryPoint\",\"urlTemplate\":\"https:\/\/www.hotelborjdhiafa.com\/?s={search_term_string}\"},\"query-input\":\"required name=search_term_string\"}],\"inLanguage\":\"fr-FR\"}]}<\/script>\n<!-- \/ Yoast SEO plugin. -->","yoast_head_json":{"title":"Exp\u00e9rience gastronomique unique \u00e0 Sfax | H\u00f4tel Borj Dhiafa","description":"Laissez-vous tenter par une cuisine exquise dans les restaurants de l'h\u00f4tel Borj Dhiafa Sfax. Un vrai d\u00e9lice gastronomique. R\u00e9servez une table vite !","robots":{"index":"index","follow":"follow","max-snippet":"max-snippet:-1","max-image-preview":"max-image-preview:large","max-video-preview":"max-video-preview:-1"},"canonical":"https:\/\/www.hotelborjdhiafa.com\/fr\/restaurants\/","og_locale":"fr_FR","og_type":"article","og_title":"Exp\u00e9rience gastronomique unique \u00e0 Sfax | H\u00f4tel Borj Dhiafa","og_description":"Laissez-vous tenter par une cuisine exquise dans les restaurants de l'h\u00f4tel Borj Dhiafa Sfax. Un vrai d\u00e9lice gastronomique. R\u00e9servez une table vite !","og_url":"https:\/\/www.hotelborjdhiafa.com\/fr\/restaurants\/","og_site_name":"H\u00f4tel Borj Dhiafa","article_modified_time":"2024-07-30T09:14:58+00:00","twitter_card":"summary_large_image","twitter_misc":{"Dur\u00e9e de lecture estim\u00e9e":"2 minutes"},"schema":{"@context":"https:\/\/schema.org","@graph":[{"@type":"WebPage","@id":"https:\/\/www.hotelborjdhiafa.com\/fr\/restaurants\/","url":"https:\/\/www.hotelborjdhiafa.com\/fr\/restaurants\/","name":"Exp\u00e9rience gastronomique unique \u00e0 Sfax | H\u00f4tel Borj Dhiafa","isPartOf":{"@id":"https:\/\/www.hotelborjdhiafa.com\/#website"},"datePublished":"2024-05-10T14:11:23+00:00","dateModified":"2024-07-30T09:14:58+00:00","description":"Laissez-vous tenter par une cuisine exquise dans les restaurants de l'h\u00f4tel Borj Dhiafa Sfax. Un vrai d\u00e9lice gastronomique. R\u00e9servez une table vite !","breadcrumb":{"@id":"https:\/\/www.hotelborjdhiafa.com\/fr\/restaurants\/#breadcrumb"},"inLanguage":"fr-FR","potentialAction":[{"@type":"ReadAction","target":["https:\/\/www.hotelborjdhiafa.com\/fr\/restaurants\/"]}]},{"@type":"BreadcrumbList","@id":"https:\/\/www.hotelborjdhiafa.com\/fr\/restaurants\/#breadcrumb","itemListElement":[{"@type":"ListItem","position":1,"name":"Home","item":"https:\/\/www.hotelborjdhiafa.com\/fr\/"},{"@type":"ListItem","position":2,"name":"Restaurants"}]},{"@type":"WebSite","@id":"https:\/\/www.hotelborjdhiafa.com\/#website","url":"https:\/\/www.hotelborjdhiafa.com\/","name":"H\u00f4tel Borj Dhiafa","description":"H\u00f4tel de charme","potentialAction":[{"@type":"SearchAction","target":{"@type":"EntryPoint","urlTemplate":"https:\/\/www.hotelborjdhiafa.com\/?s={search_term_string}"},"query-input":"required name=search_term_string"}],"inLanguage":"fr-FR"}]}},"_links":{"self":[{"href":"https:\/\/www.hotelborjdhiafa.com\/fr\/wp-json\/wp\/v2\/pages\/1103","targetHints":{"allow":["GET"]}}],"collection":[{"href":"https:\/\/www.hotelborjdhiafa.com\/fr\/wp-json\/wp\/v2\/pages"}],"about":[{"href":"https:\/\/www.hotelborjdhiafa.com\/fr\/wp-json\/wp\/v2\/types\/page"}],"author":[{"embeddable":true,"href":"https:\/\/www.hotelborjdhiafa.com\/fr\/wp-json\/wp\/v2\/users\/1"}],"replies":[{"embeddable":true,"href":"https:\/\/www.hotelborjdhiafa.com\/fr\/wp-json\/wp\/v2\/comments?post=1103"}],"version-history":[{"count":57,"href":"https:\/\/www.hotelborjdhiafa.com\/fr\/wp-json\/wp\/v2\/pages\/1103\/revisions"}],"predecessor-version":[{"id":3196,"href":"https:\/\/www.hotelborjdhiafa.com\/fr\/wp-json\/wp\/v2\/pages\/1103\/revisions\/3196"}],"wp:attachment":[{"href":"https:\/\/www.hotelborjdhiafa.com\/fr\/wp-json\/wp\/v2\/media?parent=1103"}],"curies":[{"name":"wp","href":"https:\/\/api.w.org\/{rel}","templated":true}]}}